{"id":445,"date":"2023-08-21T12:00:37","date_gmt":"2023-08-21T10:00:37","guid":{"rendered":"http:\/\/wp.classical-concerts.at\/?page_id=445"},"modified":"2023-08-22T11:34:54","modified_gmt":"2023-08-22T11:34:54","slug":"wiener-barock-orchester","status":"publish","type":"page","link":"https:\/\/classical-concerts.at\/cs\/","title":{"rendered":"Wiener Barock Orchester"},"content":{"rendered":"\n<h2 class=\"wp-block-heading\" id=\"home\">V\u00edde\u0148sk\u00fd barokn\u00ed orchestr<\/h2>\n\n\n\n<div class=\"wp-block-media-text alignfull is-stacked-on-mobile\" style=\"grid-template-columns:45% auto\"><figure class=\"wp-block-media-text__media\"><img loading=\"lazy\" decoding=\"async\" width=\"1024\" height=\"455\" src=\"http:\/\/classical-concerts.at\/wp-content\/uploads\/2023\/08\/foto2-1024x455.jpg\" alt=\"\" class=\"wp-image-95 size-full\" srcset=\"https:\/\/classical-concerts.at\/wp-content\/uploads\/2023\/08\/foto2-1024x455.jpg 1024w, https:\/\/classical-concerts.at\/wp-content\/uploads\/2023\/08\/foto2-300x133.jpg 300w, https:\/\/classical-concerts.at\/wp-content\/uploads\/2023\/08\/foto2-768x341.jpg 768w, https:\/\/classical-concerts.at\/wp-content\/uploads\/2023\/08\/foto2.jpg 1350w\" sizes=\"auto, (max-width: 1024px) 100vw, 1024px\" \/><\/figure><div class=\"wp-block-media-text__content\">\n<p style=\"padding-top:var(--wp--preset--spacing--20);padding-right:var(--wp--preset--spacing--40);padding-bottom:var(--wp--preset--spacing--20);padding-left:var(--wp--preset--spacing--40)\">&#8222;\u2026 nebo\u0165 r\u00e1di rozmlouv\u00e1me se v\u0161emi druhy mistr\u016f, star\u00fdmi i modern\u00edmi,&#8220; \u0159ekl Wolfgang Amadeus Mozart. Vydejte se spolu se slavn\u00fdm &#8222;Vienna Baroque Orchestra&#8220; na nezapomenutelnou cestu nejd\u016fle\u017eit\u011bj\u0161\u00edmi epochami rakousk\u00e9 hudebn\u00ed historie. Za\u017eijte nesrovnateln\u00e1 mistrovsk\u00e1 d\u00edla Vivaldiho, Mozarta, Donizettiho a \u010cajkovsk\u00e9ho. V pod\u00e1n\u00ed virtu\u00f3zn\u00edch hudebn\u00edk\u016f a vynikaj\u00edc\u00edch opern\u00edch p\u011bvc\u016f v jednom z nejkr\u00e1sn\u011bj\u0161\u00edch barokn\u00edch s\u00e1l\u016f ve V\u00eddni.<\/p>\n<\/div><\/div>\n\n\n\n<figure class=\"wp-block-embed is-type-video is-provider-youtube wp-block-embed-youtube wp-embed-aspect-16-9 wp-has-aspect-ratio\"><div class=\"wp-block-embed__wrapper\">\n<iframe loading=\"lazy\" title=\"Wiener Barockorchester \/Vienna Baroque Orchestra (Official Video)\" width=\"660\" height=\"371\" src=\"https:\/\/www.youtube.com\/embed\/oKrzAZaSTvk?feature=oembed\" frameborder=\"0\" allow=\"accelerometer; autoplay; clipboard-write; encrypted-media; gyroscope; picture-in-picture; web-share\" referrerpolicy=\"strict-origin-when-cross-origin\" allowfullscreen><\/iframe>\n<\/div><\/figure>\n\n\n\n<figure class=\"wp-block-gallery has-nested-images columns-default is-cropped wp-block-gallery-1 is-layout-flex wp-block-gallery-is-layout-flex\">\n<figure class=\"wp-block-image size-large\"><img loading=\"lazy\" decoding=\"async\" width=\"1024\" height=\"685\" data-id=\"99\" src=\"http:\/\/classical-concerts.at\/wp-content\/uploads\/2023\/08\/Wiener-Barockorchester-4-1024x685.jpg\" alt=\"\" class=\"wp-image-99\" srcset=\"https:\/\/classical-concerts.at\/wp-content\/uploads\/2023\/08\/Wiener-Barockorchester-4-1024x685.jpg 1024w, https:\/\/classical-concerts.at\/wp-content\/uploads\/2023\/08\/Wiener-Barockorchester-4-300x201.jpg 300w, https:\/\/classical-concerts.at\/wp-content\/uploads\/2023\/08\/Wiener-Barockorchester-4-768x514.jpg 768w, https:\/\/classical-concerts.at\/wp-content\/uploads\/2023\/08\/Wiener-Barockorchester-4-1536x1028.jpg 1536w, https:\/\/classical-concerts.at\/wp-content\/uploads\/2023\/08\/Wiener-Barockorchester-4-2048x1371.jpg 2048w\" sizes=\"auto, (max-width: 1024px) 100vw, 1024px\" \/><\/figure>\n\n\n\n<figure class=\"wp-block-image size-large\"><img loading=\"lazy\" decoding=\"async\" width=\"1024\" height=\"683\" data-id=\"97\" src=\"http:\/\/classical-concerts.at\/wp-content\/uploads\/2023\/08\/0B6A9544-1024x683.jpg\" alt=\"\" class=\"wp-image-97\" srcset=\"https:\/\/classical-concerts.at\/wp-content\/uploads\/2023\/08\/0B6A9544-1024x683.jpg 1024w, https:\/\/classical-concerts.at\/wp-content\/uploads\/2023\/08\/0B6A9544-300x200.jpg 300w, https:\/\/classical-concerts.at\/wp-content\/uploads\/2023\/08\/0B6A9544-768x512.jpg 768w, https:\/\/classical-concerts.at\/wp-content\/uploads\/2023\/08\/0B6A9544-1536x1024.jpg 1536w, https:\/\/classical-concerts.at\/wp-content\/uploads\/2023\/08\/0B6A9544-2048x1365.jpg 2048w\" sizes=\"auto, (max-width: 1024px) 100vw, 1024px\" \/><\/figure>\n\n\n\n<figure class=\"wp-block-image size-large\"><img loading=\"lazy\" decoding=\"async\" width=\"1024\" height=\"634\" data-id=\"96\" src=\"http:\/\/classical-concerts.at\/wp-content\/uploads\/2023\/08\/Wiener-Barockorchester-unter5MB-1024x634.jpg\" alt=\"\" class=\"wp-image-96\" srcset=\"https:\/\/classical-concerts.at\/wp-content\/uploads\/2023\/08\/Wiener-Barockorchester-unter5MB-1024x634.jpg 1024w, https:\/\/classical-concerts.at\/wp-content\/uploads\/2023\/08\/Wiener-Barockorchester-unter5MB-300x186.jpg 300w, https:\/\/classical-concerts.at\/wp-content\/uploads\/2023\/08\/Wiener-Barockorchester-unter5MB-768x476.jpg 768w, https:\/\/classical-concerts.at\/wp-content\/uploads\/2023\/08\/Wiener-Barockorchester-unter5MB-1536x952.jpg 1536w, https:\/\/classical-concerts.at\/wp-content\/uploads\/2023\/08\/Wiener-Barockorchester-unter5MB-2048x1269.jpg 2048w\" sizes=\"auto, (max-width: 1024px) 100vw, 1024px\" \/><\/figure>\n<\/figure>\n\n\n\n<figure class=\"wp-block-image size-large uag-hide-mob\"><img loading=\"lazy\" decoding=\"async\" width=\"1024\" height=\"177\" src=\"http:\/\/classical-concerts.at\/wp-content\/uploads\/2023\/08\/bewertungen-1-1024x177.png\" alt=\"\" class=\"wp-image-197\" srcset=\"https:\/\/classical-concerts.at\/wp-content\/uploads\/2023\/08\/bewertungen-1-1024x177.png 1024w, https:\/\/classical-concerts.at\/wp-content\/uploads\/2023\/08\/bewertungen-1-300x52.png 300w, https:\/\/classical-concerts.at\/wp-content\/uploads\/2023\/08\/bewertungen-1-768x133.png 768w, https:\/\/classical-concerts.at\/wp-content\/uploads\/2023\/08\/bewertungen-1.png 1226w\" sizes=\"auto, (max-width: 1024px) 100vw, 1024px\" \/><\/figure>\n\n\n\n<figure class=\"wp-block-image size-full uag-hide-desktop uag-hide-tab\"><img loading=\"lazy\" decoding=\"async\" width=\"688\" height=\"417\" src=\"http:\/\/classical-concerts.at\/wp-content\/uploads\/2023\/08\/bewertungen-mobile-1.png\" alt=\"\" class=\"wp-image-433\" srcset=\"https:\/\/classical-concerts.at\/wp-content\/uploads\/2023\/08\/bewertungen-mobile-1.png 688w, https:\/\/classical-concerts.at\/wp-content\/uploads\/2023\/08\/bewertungen-mobile-1-300x182.png 300w\" sizes=\"auto, (max-width: 688px) 100vw, 688px\" \/><\/figure>\n\n\n\n<p>Pono\u0159te se do srdce v\u00edde\u0148sk\u00e9 hudby s V\u00edde\u0148sk\u00fdm barokn\u00edm orchestrem. Jakmile vstoup\u00edte do pal\u00e1ce Sch\u00f6nborn-Batthy\u00e1ny, jednoho z nejkr\u00e1sn\u011bj\u0161\u00edch barokn\u00edch s\u00e1l\u016f ve V\u00eddni, vstoup\u00edte do sv\u011bta, kde klasick\u00e1 hudba o\u017e\u00edv\u00e1. V p\u016fsobiv\u00e9m \u010cerven\u00e9m salonu rozezn\u00ed virtu\u00f3zn\u00ed hudebn\u00edci orchestru a opern\u00ed p\u011bvci ka\u017ed\u00fd t\u00f3n s v\u00e1\u0161n\u00ed a autenticitou. Ka\u017ed\u00fd koncert klasick\u00e9 hudby, od Mozartov\u00fdch a Vivaldiho nad\u010dasov\u00fdch d\u011bl a\u017e po romantick\u00e9 melodie \u010cajkovsk\u00e9ho a Brahmse, je sv\u011bdectv\u00edm bohat\u00e9ho hudebn\u00edho d\u011bdictv\u00ed V\u00eddn\u011b. Nechte se un\u00e9st symfoni\u00ed nezapomenuteln\u00fdch okam\u017eik\u016f.<\/p>\n\n\n\n<figure class=\"wp-block-table is-style-regular\">\n    <table style=\"border-collapse: collapse;\">\n        <tbody>\n            <tr>\n                <td style=\"border: 1px solid white;\">\ud83c\udfe0<\/td>\n                <td style=\"border: 1px solid white;\">Palais Sch\u00f6nborn-Batth\u00e1ny, 1010 Wien, Renngasse 4<\/td>\n            <\/tr>\n            <tr>\n                <td style=\"border: 1px solid white;\">\ud83d\udcde<\/td>\n                <td style=\"border: 1px solid white;\"><a href=\"tel:+43 1 9346914\">+43 1 9346914<\/a><\/td>\n            <\/tr>\n            <tr>\n                <td style=\"border: 1px solid white;\">\ud83d\udce7<\/td>\n                <td style=\"border: 1px solid white;\"><a href=\"mailto:office@baroque-classic.com\">office@baroque-classic.com<\/a><\/td>\n            <\/tr>\n        <\/tbody>\n    <\/table>\n<\/figure>\n\n\n\n<h2 class=\"wp-block-heading\" id=\"geschichte\">Historie<\/h2>\n\n\n\n<figure class=\"wp-block-image size-large\"><img loading=\"lazy\" decoding=\"async\" width=\"1024\" height=\"497\" src=\"http:\/\/classical-concerts.at\/wp-content\/uploads\/2023\/08\/foto3-1024x497.jpg\" alt=\"\" class=\"wp-image-94\" srcset=\"https:\/\/classical-concerts.at\/wp-content\/uploads\/2023\/08\/foto3-1024x497.jpg 1024w, https:\/\/classical-concerts.at\/wp-content\/uploads\/2023\/08\/foto3-300x145.jpg 300w, https:\/\/classical-concerts.at\/wp-content\/uploads\/2023\/08\/foto3-768x372.jpg 768w, https:\/\/classical-concerts.at\/wp-content\/uploads\/2023\/08\/foto3-1536x745.jpg 1536w, https:\/\/classical-concerts.at\/wp-content\/uploads\/2023\/08\/foto3.jpg 1920w\" sizes=\"auto, (max-width: 1024px) 100vw, 1024px\" \/><\/figure>\n\n\n\n<p>V centru V\u00eddn\u011b, kde kdysi s\u00eddlil mocn\u00fd poln\u00ed mar\u0161\u00e1l Adam hrab\u011b Batthy\u00e1ny, se dodnes nach\u00e1z\u00ed jedno z mistrovsk\u00fdch d\u011bl v\u00edde\u0148sk\u00e9ho baroka, pal\u00e1c Sch\u00f6nborn-Batthy\u00e1ny. Barokn\u00ed budova postaven\u00e1 v roce 1699 podle pl\u00e1n\u016f Johanna Bernharda Fischera von Erlach, architekta v\u00edde\u0148sk\u00e9ho kostela Karlskirche, v\u00e1s okam\u017eit\u011b p\u0159enese do doby opulentn\u00ed n\u00e1dhery. Impozantn\u00ed koncertn\u00ed s\u00e1l ohrom\u00ed svou pozoruhodnou konstrukc\u00ed a nab\u00edz\u00ed akusticky nep\u0159ekonateln\u00fd zvukov\u00fd z\u00e1\u017eitek. Pono\u0159te se do n\u00e1dhern\u00e9ho sv\u011bta klasick\u00e9 hudby a za\u017eijte V\u00edde\u0148 v jej\u00ed nejlep\u0161\u00ed podob\u011b.<\/p>\n\n\n\n<h2 class=\"wp-block-heading\" id=\"konzerte\">Koncerty<\/h2>\n\n\n\n<p>M\u016f\u017eete si vybrat ze 3 kategori\u00ed:<\/p>\n\n\n\n<h2 class=\"wp-block-heading\" id=\"konzerte-tickets\">Kategorie a ceny vstupenek<\/h2>\n\n\n\n<div class=\"wp-block-cover alignfull\"><span aria-hidden=\"true\" class=\"wp-block-cover__background has-background-dim\"><\/span><img loading=\"lazy\" decoding=\"async\" width=\"1024\" height=\"685\" class=\"wp-block-cover__image-background wp-image-93\" alt=\"\" src=\"http:\/\/classical-concerts.at\/wp-content\/uploads\/2023\/08\/foto4-1024x685.jpg\" data-object-fit=\"cover\" srcset=\"https:\/\/classical-concerts.at\/wp-content\/uploads\/2023\/08\/foto4-1024x685.jpg 1024w, https:\/\/classical-concerts.at\/wp-content\/uploads\/2023\/08\/foto4-300x201.jpg 300w, https:\/\/classical-concerts.at\/wp-content\/uploads\/2023\/08\/foto4-768x514.jpg 768w, https:\/\/classical-concerts.at\/wp-content\/uploads\/2023\/08\/foto4-1536x1028.jpg 1536w, https:\/\/classical-concerts.at\/wp-content\/uploads\/2023\/08\/foto4.jpg 1920w\" sizes=\"auto, (max-width: 1024px) 100vw, 1024px\" \/><div class=\"wp-block-cover__inner-container is-layout-flow wp-block-cover-is-layout-flow\">\n<p class=\"has-text-align-center has-large-font-size\"><\/p>\n\n\n\n<figure class=\"wp-block-table is-style-regular has-small-font-size\"><table class=\"has-quaternary-color has-text-color has-background\" style=\"background-color:#0f0402\"><thead><tr><th>&nbsp;<\/th><th class=\"has-text-align-center\" data-align=\"center\">Koncert **<\/th><th class=\"has-text-align-center\" data-align=\"center\">Koncert &amp; Ve\u010de\u0159e ***<\/th><\/tr><\/thead><tbody><tr><td>*VIP<\/td><td class=\"has-text-align-center\" data-align=\"center\">\u20ac 74<\/td><td class=\"has-text-align-center\" data-align=\"center\">\u20ac 119<\/td><\/tr><tr><td>Ko\u010dka. A<\/td><td class=\"has-text-align-center\" data-align=\"center\">\u20ac 59<\/td><td class=\"has-text-align-center\" data-align=\"center\">\u20ac 104<\/td><\/tr><tr><td>Ko\u010dka. B<\/td><td class=\"has-text-align-center\" data-align=\"center\">\u20ac 49<\/td><td class=\"has-text-align-center\" data-align=\"center\">\u20ac 94<\/td><\/tr><\/tbody><\/table><\/figure>\n\n\n\n<div class=\"wp-block-buttons is-content-justification-center is-layout-flex wp-container-core-buttons-is-layout-16018d1d wp-block-buttons-is-layout-flex\">\n<div class=\"wp-block-button is-style-fill\"><a class=\"wp-block-button__link has-text-align-center wp-element-button\" href=\"https:\/\/classical-concerts.reservix.at\/\" target=\"_blank\" rel=\"noopener\">Koupit vstupenky<\/a><\/div>\n<\/div>\n<\/div><\/div>\n\n\n\n<p class=\"has-quaternary-color has-text-color\"><\/p>\n\n\n<div class=\"wp-block-image\">\n<figure class=\"alignright size-full is-resized\"><img loading=\"lazy\" decoding=\"async\" src=\"http:\/\/classical-concerts.at\/wp-content\/uploads\/2023\/08\/sitzplan.jpg\" alt=\"\" class=\"wp-image-160\" style=\"width:227px;height:212px\" width=\"227\" height=\"212\"\/><\/figure>\n<\/div>\n\n\n<p>*&nbsp; &nbsp; &nbsp; Zajist\u00ed m\u00edsto v prvn\u00ed nebo druh\u00e9 \u0159ad\u011b na koncert\u011b v\u010detn\u011b n\u00e1poje.<\/p>\n\n\n\n<p>**&nbsp; &nbsp; Za\u010d\u00e1tek koncertu: 18:30 v Palais Sch\u00f6nborn<\/p>\n\n\n\n<p>***&nbsp; Koncert za\u010d\u00edn\u00e1 v 18:30 v Palais Sch\u00f6nborn, ve\u010de\u0159e ve 20:30 v Caf\u00e9 Landtmann.<\/p>\n\n\n\n<p><\/p>\n\n\n\n<p>V sou\u010dasn\u00e9 dob\u011b se konaj\u00ed v\u017edy dva koncerty (18:30 a 20:20).<\/p>\n\n\n\n<h2 class=\"wp-block-heading\" id=\"programm\">V\u00fdtah z programu<\/h2>\n\n\n\n<p><strong>W. A. Mozart<\/strong> \u201eNon pi\u00f9 andrai\u201c, Le Nozze Di Figaro<br><strong>A. Vivaldi<\/strong> \u201eVier Jahreszeiten\u201c<br><strong>W. A. Mozart<\/strong> \u201ePapageno-Papagena\u201c, Die Zauberfl\u00f6te<br><strong>G. Donizetti<\/strong> \u201eUna furtiva lagrima\u201c<br><strong>P. I. Tschaikowski<\/strong> \u201eWalzer\u201c, Streicherserenade<br><strong>J. Brahms<\/strong> \u201eUngarischer Tanz Nr. 5\u201c<br><strong>F. Lehar<\/strong> \u201eDein ist mein ganzes Herz\u201c<\/p>\n\n\n\n<p><\/p>\n\n\n\n<p><em>Zm\u011bna programu vyhrazena<\/em><\/p>\n\n\n\n<p><\/p>\n\n\n\n<h2 class=\"wp-block-heading\" id=\"dinner\">Koncert a ve\u010de\u0159e<\/h2>\n\n\n<div class=\"wp-block-image\">\n<figure class=\"alignright size-large is-resized\"><img loading=\"lazy\" decoding=\"async\" src=\"http:\/\/classical-concerts.at\/wp-content\/uploads\/2023\/08\/Landman-tafelspitz-1024x770.jpg\" alt=\"\" class=\"wp-image-151\" style=\"width:222px;height:167px\" width=\"222\" height=\"167\" srcset=\"https:\/\/classical-concerts.at\/wp-content\/uploads\/2023\/08\/Landman-tafelspitz-1024x770.jpg 1024w, https:\/\/classical-concerts.at\/wp-content\/uploads\/2023\/08\/Landman-tafelspitz-300x226.jpg 300w, https:\/\/classical-concerts.at\/wp-content\/uploads\/2023\/08\/Landman-tafelspitz-768x577.jpg 768w, https:\/\/classical-concerts.at\/wp-content\/uploads\/2023\/08\/Landman-tafelspitz.jpg 1080w\" sizes=\"auto, (max-width: 222px) 100vw, 222px\" \/><\/figure>\n<\/div>\n\n\n<p>Za\u010dn\u011bte sv\u016fj kulin\u00e1\u0159sko-hudebn\u00ed ve\u010der v 18:30 hod. spole\u010dn\u011b s &#8222;V\u00edde\u0148sk\u00fdm barokn\u00edm orchestrem&#8220; na t\u00e9m\u011b\u0159 nezapomenuteln\u00e9 cest\u011b nejd\u016fle\u017eit\u011bj\u0161\u00edmi epochami rakousk\u00e9 hudebn\u00ed historie.<\/p>\n\n\n\n<p>Po koncert\u011b se vydejte do Caf\u00e9 Restaurant Landtmann, v\u00edde\u0148sk\u00e9 instituce.<\/p>\n\n\n\n<p><\/p>\n\n\n\n<h4 class=\"wp-block-heading\">Caf\u00e9 Landtmann:<\/h4>\n\n\n<div class=\"wp-block-image\">\n<figure class=\"alignright size-medium is-resized\"><img loading=\"lazy\" decoding=\"async\" src=\"http:\/\/classical-concerts.at\/wp-content\/uploads\/2023\/08\/cafe-landmann-300x200.jpg\" alt=\"\" class=\"wp-image-194\" style=\"width:243px;height:162px\" width=\"243\" height=\"162\" srcset=\"https:\/\/classical-concerts.at\/wp-content\/uploads\/2023\/08\/cafe-landmann-300x200.jpg 300w, https:\/\/classical-concerts.at\/wp-content\/uploads\/2023\/08\/cafe-landmann-1024x683.jpg 1024w, https:\/\/classical-concerts.at\/wp-content\/uploads\/2023\/08\/cafe-landmann-768x512.jpg 768w, https:\/\/classical-concerts.at\/wp-content\/uploads\/2023\/08\/cafe-landmann-1536x1024.jpg 1536w, https:\/\/classical-concerts.at\/wp-content\/uploads\/2023\/08\/cafe-landmann.jpg 1900w\" sizes=\"auto, (max-width: 243px) 100vw, 243px\" \/><\/figure>\n<\/div>\n\n\n<p>Franz Landtmann otev\u0159el &#8222;nejelegantn\u011bj\u0161\u00ed kav\u00e1rnu&#8220; ve V\u00eddni v roce 1873. Dnes je &#8222;das Landtmann&#8220; st\u00e1le zt\u011blesn\u011bn\u00edm v\u00edde\u0148sk\u00e9 kav\u00e1rensk\u00e9 kultury a jednou z posledn\u00edch kav\u00e1ren na Ringstrasse. Vychutnejte si zde \u00fa\u017easn\u00fd sv\u011bt v\u00edde\u0148sk\u00e9 pohostinnosti a tradice s melan\u017e\u00ed a jable\u010dn\u00fdm \u0161tr\u00fadlem, stejn\u011b jako to d\u0159\u00edve d\u011blali Sigmund Freud, Gustav Mahler nebo Hillary Clintonov\u00e1.<\/p>\n\n\n\n<h4 class=\"wp-block-heading\">SERVUS Restaurant:<\/h4>\n\n\n<div class=\"wp-block-image\">\n<figure class=\"alignright size-full is-resized\"><img loading=\"lazy\" decoding=\"async\" src=\"http:\/\/classical-concerts.at\/wp-content\/uploads\/2023\/08\/servus-restaurant-wien.png\" alt=\"\" class=\"wp-image-163\" style=\"width:176px;height:222px\" width=\"176\" height=\"222\" srcset=\"https:\/\/classical-concerts.at\/wp-content\/uploads\/2023\/08\/servus-restaurant-wien.png 559w, https:\/\/classical-concerts.at\/wp-content\/uploads\/2023\/08\/servus-restaurant-wien-238x300.png 238w\" sizes=\"auto, (max-width: 176px) 100vw, 176px\" \/><\/figure>\n<\/div>\n\n\n<p>Restaurace SERVUS v\u00e1m ud\u011bl\u00e1 kulin\u00e1\u0159skou radost. Budete rozmazlov\u00e1ni rakousk\u00fdmi pokrmy. Restaurace klade velk\u00fd d\u016fraz na region\u00e1ln\u00ed a kvalitn\u00ed suroviny. Vychutnejte si zde rakousk\u00e1 j\u00eddla &#8211; nov\u011b interpretovan\u00e1 a \u010derstv\u011b p\u0159ipraven\u00e1.<\/p>\n\n\n\n<div style=\"height:66px\" aria-hidden=\"true\" class=\"wp-block-spacer\"><\/div>\n\n\n\n<h2 class=\"wp-block-heading has-text-align-center\">Nab\u00eddka<\/h2>\n\n\n\n<div class=\"wp-block-media-text alignwide has-media-on-the-right is-stacked-on-mobile is-vertically-aligned-center has-background\" style=\"background-color:#e3e9df;grid-template-columns:auto 40%\"><div class=\"wp-block-media-text__content\">\n<div class=\"wp-block-group\" style=\"padding-top:2em;padding-right:2em;padding-bottom:2em;padding-left:2em\"><div class=\"wp-block-group__inner-container is-layout-flow wp-block-group-is-layout-flow\">\n<h3 class=\"wp-block-heading has-text-align-center has-text-color\" style=\"color:#5d5d5c\">Nab\u00eddka Caf\u00e9 Landtmann<\/h3>\n\n\n\n<p class=\"has-text-align-center has-text-color\" style=\"color:#5d5d5c\"><br>Hov\u011bz\u00ed pol\u00e9vka s fritatami<br>***<br>V\u00edde\u0148sk\u00fd \u0159\u00edzek z telec\u00edho masa, obalen\u00fd a upe\u010den\u00fd dozlatova s dom\u00e1c\u00edm bramborov\u00fdm sal\u00e1tem a brusinkami<br>nebo<br>V\u00edde\u0148sk\u00e9 va\u0159en\u00e9 hov\u011bz\u00ed maso s klasickou p\u0159\u00edlohou (ko\u0159enov\u00e1 zelenina, \u0161pen\u00e1t na smetan\u011b, pe\u010den\u00e9 brambory, pa\u017eitkov\u00e1 om\u00e1\u010dka a jable\u010dn\u00fd k\u0159en).<br>***<br>Landtmann&#8217;s Guglhupf<\/p>\n<\/div><\/div>\n<\/div><figure class=\"wp-block-media-text__media\"><img loading=\"lazy\" decoding=\"async\" width=\"1024\" height=\"576\" src=\"http:\/\/classical-concerts.at\/wp-content\/uploads\/2023\/08\/landtmann-1024x576.webp\" alt=\"\" class=\"wp-image-147 size-large\" srcset=\"https:\/\/classical-concerts.at\/wp-content\/uploads\/2023\/08\/landtmann-1024x576.webp 1024w, https:\/\/classical-concerts.at\/wp-content\/uploads\/2023\/08\/landtmann-300x169.webp 300w, https:\/\/classical-concerts.at\/wp-content\/uploads\/2023\/08\/landtmann-768x432.webp 768w, https:\/\/classical-concerts.at\/wp-content\/uploads\/2023\/08\/landtmann-1536x864.webp 1536w, https:\/\/classical-concerts.at\/wp-content\/uploads\/2023\/08\/landtmann.webp 1600w\" sizes=\"auto, (max-width: 1024px) 100vw, 1024px\" \/><\/figure><\/div>\n\n\n\n<div class=\"wp-block-media-text alignwide is-stacked-on-mobile is-vertically-aligned-center has-background\" style=\"background-color:#f0ede5;grid-template-columns:28% auto\"><figure class=\"wp-block-media-text__media\"><img loading=\"lazy\" decoding=\"async\" width=\"792\" height=\"990\" src=\"http:\/\/classical-concerts.at\/wp-content\/uploads\/2023\/08\/WienerSchnitzel.jpg\" alt=\"\" class=\"wp-image-146 size-full\" srcset=\"https:\/\/classical-concerts.at\/wp-content\/uploads\/2023\/08\/WienerSchnitzel.jpg 792w, https:\/\/classical-concerts.at\/wp-content\/uploads\/2023\/08\/WienerSchnitzel-240x300.jpg 240w, https:\/\/classical-concerts.at\/wp-content\/uploads\/2023\/08\/WienerSchnitzel-768x960.jpg 768w\" sizes=\"auto, (max-width: 792px) 100vw, 792px\" \/><\/figure><div class=\"wp-block-media-text__content\">\n<div class=\"wp-block-group\" style=\"padding-top:2em;padding-right:2em;padding-bottom:2em;padding-left:2em\"><div class=\"wp-block-group__inner-container is-layout-flow wp-block-group-is-layout-flow\">\n<h3 class=\"wp-block-heading has-text-align-center has-text-color\" style=\"color:#5d5d5c\">Nab\u00eddka Restaurant SERVUS<\/h3>\n\n\n\n<p class=\"has-text-align-center has-text-color\" style=\"color:#5d5d5c\"><br>Dom\u00e1c\u00ed chl\u00e9b. M\u00e1slo. Sal\u00e1t<br>***<br>D\u00fd\u0148ov\u00e1 pol\u00e9vka. Proso. Koriandr<br>***<br>Origin\u00e1ln\u00ed v\u00edde\u0148sk\u00fd \u0159\u00edzek. Bramborov\u00fd a je\u0159abinov\u00fd sal\u00e1t. Brusinky<br>***<br>Kaiserschmarren. Zwetschkenr\u00f6ster. Rumov\u00e1 sult\u00e1nka<\/p>\n<\/div><\/div>\n<\/div><\/div>\n\n\n\n<h2 class=\"wp-block-heading has-text-align-center\" id=\"kontakt\">Pl\u00e1n lokality a trasy<\/h2>\n\n\n\t\t\t<div \n\t\t\tclass=\"wp-block-uagb-google-map uagb-google-map__wrap uagb-block-ee8ff08c    \"\n\t\t\tstyle=\"\" >\n\t\t\t\t<iframe\n\t\t\t\t\tclass=\"uagb-google-map__iframe\"\n\t\t\t\t\ttitle=\"Google Map for \"\n\t\t\t\t\tsrc=\"https:\/\/maps.google.com\/maps?q=%20Palais%20Sch%C3%B6nborn%20Renngasse%204%2C%201010%20Wien%2C%20Austria&#038;z=12&#038;hl=en&#038;t=m&#038;output=embed&#038;iwloc=near\"\n\t\t\t\t\twidth=\"640\"\n\t\t\t\t\theight=\"300\"\n\t\t\t\t\tloading=\"lazy\"\n\t\t\t\t><\/iframe>\n\t\t\t<\/div>\n\t\t\t\n\n\n<div class=\"wp-block-cover alignfull\" style=\"min-height:267px;aspect-ratio:unset;\"><span aria-hidden=\"true\" class=\"wp-block-cover__background has-background-dim\"><\/span><img loading=\"lazy\" decoding=\"async\" width=\"1024\" height=\"777\" class=\"wp-block-cover__image-background wp-image-98\" alt=\"\" src=\"http:\/\/classical-concerts.at\/wp-content\/uploads\/2023\/08\/Wiener-Barockorchester-9-1024x777.jpg\" style=\"object-position:46% 68%\" data-object-fit=\"cover\" data-object-position=\"46% 68%\" srcset=\"https:\/\/classical-concerts.at\/wp-content\/uploads\/2023\/08\/Wiener-Barockorchester-9-1024x777.jpg 1024w, https:\/\/classical-concerts.at\/wp-content\/uploads\/2023\/08\/Wiener-Barockorchester-9-300x228.jpg 300w, https:\/\/classical-concerts.at\/wp-content\/uploads\/2023\/08\/Wiener-Barockorchester-9-768x582.jpg 768w, https:\/\/classical-concerts.at\/wp-content\/uploads\/2023\/08\/Wiener-Barockorchester-9.jpg 1080w\" sizes=\"auto, (max-width: 1024px) 100vw, 1024px\" \/><div class=\"wp-block-cover__inner-container is-layout-flow wp-block-cover-is-layout-flow\">\n<h2 class=\"wp-block-heading has-text-align-center has-quaternary-color has-text-color\" style=\"font-size:55px;\"><a href=\"https:\/\/classical-concerts.reservix.at\/\" style=\"color: white !important;\" target=\"_blank\" rel=\"noopener\">Vstupenky<\/a><\/h2>\n<\/div><\/div>\n","protected":false},"excerpt":{"rendered":"<p>V\u00edde\u0148sk\u00fd barokn\u00ed orchestr &#8222;\u2026 nebo\u0165 r\u00e1di rozmlouv\u00e1me se v\u0161emi druhy mistr\u016f, star\u00fdmi i modern\u00edmi,&#8220; \u0159ekl Wolfgang Amadeus Mozart. Vydejte se spolu se slavn\u00fdm &#8222;Vienna Baroque Orchestra&#8220; na nezapomenutelnou cestu nejd\u016fle\u017eit\u011bj\u0161\u00edmi [&hellip;]<\/p>\n","protected":false},"author":1,"featured_media":200,"parent":0,"menu_order":0,"comment_status":"closed","ping_status":"closed","template":"","meta":{"hide_page_title":"","_uag_custom_page_level_css":"","footnotes":""},"class_list":["post-445","page","type-page","status-publish","has-post-thumbnail","hentry"],"uagb_featured_image_src":{"full":["https:\/\/classical-concerts.at\/wp-content\/uploads\/2023\/08\/FeaturedFoto.jpg",1350,600,false],"thumbnail":["https:\/\/classical-concerts.at\/wp-content\/uploads\/2023\/08\/FeaturedFoto-150x150.jpg",150,150,true],"medium":["https:\/\/classical-concerts.at\/wp-content\/uploads\/2023\/08\/FeaturedFoto-300x133.jpg",300,133,true],"medium_large":["https:\/\/classical-concerts.at\/wp-content\/uploads\/2023\/08\/FeaturedFoto-768x341.jpg",660,293,true],"large":["https:\/\/classical-concerts.at\/wp-content\/uploads\/2023\/08\/FeaturedFoto-1024x455.jpg",660,293,true],"1536x1536":["https:\/\/classical-concerts.at\/wp-content\/uploads\/2023\/08\/FeaturedFoto.jpg",1350,600,false],"2048x2048":["https:\/\/classical-concerts.at\/wp-content\/uploads\/2023\/08\/FeaturedFoto.jpg",1350,600,false]},"uagb_author_info":{"display_name":"admini","author_link":"https:\/\/classical-concerts.at\/cs\/author\/admini\/"},"uagb_comment_info":0,"uagb_excerpt":"V\u00edde\u0148sk\u00fd barokn\u00ed orchestr &#8222;\u2026 nebo\u0165 r\u00e1di rozmlouv\u00e1me se v\u0161emi druhy mistr\u016f, star\u00fdmi i modern\u00edmi,&#8220; \u0159ekl Wolfgang Amadeus Mozart. Vydejte se spolu se slavn\u00fdm &#8222;Vienna Baroque Orchestra&#8220; na nezapomenutelnou cestu nejd\u016fle\u017eit\u011bj\u0161\u00edmi [&hellip;]","_links":{"self":[{"href":"https:\/\/classical-concerts.at\/cs\/wp-json\/wp\/v2\/pages\/445","targetHints":{"allow":["GET"]}}],"collection":[{"href":"https:\/\/classical-concerts.at\/cs\/wp-json\/wp\/v2\/pages"}],"about":[{"href":"https:\/\/classical-concerts.at\/cs\/wp-json\/wp\/v2\/types\/page"}],"author":[{"embeddable":true,"href":"https:\/\/classical-concerts.at\/cs\/wp-json\/wp\/v2\/users\/1"}],"replies":[{"embeddable":true,"href":"https:\/\/classical-concerts.at\/cs\/wp-json\/wp\/v2\/comments?post=445"}],"version-history":[{"count":3,"href":"https:\/\/classical-concerts.at\/cs\/wp-json\/wp\/v2\/pages\/445\/revisions"}],"predecessor-version":[{"id":633,"href":"https:\/\/classical-concerts.at\/cs\/wp-json\/wp\/v2\/pages\/445\/revisions\/633"}],"wp:featuredmedia":[{"embeddable":true,"href":"https:\/\/classical-concerts.at\/cs\/wp-json\/wp\/v2\/media\/200"}],"wp:attachment":[{"href":"https:\/\/classical-concerts.at\/cs\/wp-json\/wp\/v2\/media?parent=445"}],"curies":[{"name":"wp","href":"https:\/\/api.w.org\/{rel}","templated":true}]}}