{"id":513,"date":"2023-08-21T12:00:37","date_gmt":"2023-08-21T10:00:37","guid":{"rendered":"http:\/\/wp.classical-concerts.at\/?page_id=513"},"modified":"2023-08-22T11:37:13","modified_gmt":"2023-08-22T11:37:13","slug":"wiener-barock-orchester","status":"publish","type":"page","link":"https:\/\/classical-concerts.at\/es\/","title":{"rendered":"Wiener Barock Orchester"},"content":{"rendered":"\n<h2 class=\"wp-block-heading\" id=\"home\">Orquesta Barroca de Viena<\/h2>\n\n\n\n<div class=\"wp-block-media-text alignfull is-stacked-on-mobile\" style=\"grid-template-columns:45% auto\"><figure class=\"wp-block-media-text__media\"><img loading=\"lazy\" decoding=\"async\" width=\"1024\" height=\"455\" src=\"http:\/\/classical-concerts.at\/wp-content\/uploads\/2023\/08\/foto2-1024x455.jpg\" alt=\"\" class=\"wp-image-95 size-full\" srcset=\"https:\/\/classical-concerts.at\/wp-content\/uploads\/2023\/08\/foto2-1024x455.jpg 1024w, https:\/\/classical-concerts.at\/wp-content\/uploads\/2023\/08\/foto2-300x133.jpg 300w, https:\/\/classical-concerts.at\/wp-content\/uploads\/2023\/08\/foto2-768x341.jpg 768w, https:\/\/classical-concerts.at\/wp-content\/uploads\/2023\/08\/foto2.jpg 1350w\" sizes=\"auto, (max-width: 1024px) 100vw, 1024px\" \/><\/figure><div class=\"wp-block-media-text__content\">\n<p style=\"padding-top:var(--wp--preset--spacing--20);padding-right:var(--wp--preset--spacing--40);padding-bottom:var(--wp--preset--spacing--20);padding-left:var(--wp--preset--spacing--40)\">\u00ab\u2026 porque nos encanta conversar con todo tipo de maestros; antiguos y modernos\u00bb, dijo Wolfgang Amadeus Mozart. \u00danase a la famosa \u00abOrquesta Barroca de Viena\u00bb en un viaje inolvidable a trav\u00e9s de las \u00e9pocas m\u00e1s importantes de la historia de la m\u00fasica austriaca. Experimente las incomparables obras maestras de Vivaldi, Mozart, Donizetti y Chaikovski. Interpretadas por virtuosos m\u00fasicos y excelentes cantantes de \u00f3pera en una de las salas barrocas m\u00e1s bellas de Viena.<\/p>\n<\/div><\/div>\n\n\n\n<figure class=\"wp-block-embed is-type-video is-provider-youtube wp-block-embed-youtube wp-embed-aspect-16-9 wp-has-aspect-ratio\"><div class=\"wp-block-embed__wrapper\">\n<iframe loading=\"lazy\" title=\"Wiener Barockorchester \/Vienna Baroque Orchestra (Official Video)\" width=\"660\" height=\"371\" src=\"https:\/\/www.youtube.com\/embed\/oKrzAZaSTvk?feature=oembed\" frameborder=\"0\" allow=\"accelerometer; autoplay; clipboard-write; encrypted-media; gyroscope; picture-in-picture; web-share\" referrerpolicy=\"strict-origin-when-cross-origin\" allowfullscreen><\/iframe>\n<\/div><\/figure>\n\n\n\n<figure class=\"wp-block-gallery has-nested-images columns-default is-cropped wp-block-gallery-1 is-layout-flex wp-block-gallery-is-layout-flex\">\n<figure class=\"wp-block-image size-large\"><img loading=\"lazy\" decoding=\"async\" width=\"1024\" height=\"685\" data-id=\"99\" src=\"http:\/\/classical-concerts.at\/wp-content\/uploads\/2023\/08\/Wiener-Barockorchester-4-1024x685.jpg\" alt=\"\" class=\"wp-image-99\" srcset=\"https:\/\/classical-concerts.at\/wp-content\/uploads\/2023\/08\/Wiener-Barockorchester-4-1024x685.jpg 1024w, https:\/\/classical-concerts.at\/wp-content\/uploads\/2023\/08\/Wiener-Barockorchester-4-300x201.jpg 300w, https:\/\/classical-concerts.at\/wp-content\/uploads\/2023\/08\/Wiener-Barockorchester-4-768x514.jpg 768w, https:\/\/classical-concerts.at\/wp-content\/uploads\/2023\/08\/Wiener-Barockorchester-4-1536x1028.jpg 1536w, https:\/\/classical-concerts.at\/wp-content\/uploads\/2023\/08\/Wiener-Barockorchester-4-2048x1371.jpg 2048w\" sizes=\"auto, (max-width: 1024px) 100vw, 1024px\" \/><\/figure>\n\n\n\n<figure class=\"wp-block-image size-large\"><img loading=\"lazy\" decoding=\"async\" width=\"1024\" height=\"683\" data-id=\"97\" src=\"http:\/\/classical-concerts.at\/wp-content\/uploads\/2023\/08\/0B6A9544-1024x683.jpg\" alt=\"\" class=\"wp-image-97\" srcset=\"https:\/\/classical-concerts.at\/wp-content\/uploads\/2023\/08\/0B6A9544-1024x683.jpg 1024w, https:\/\/classical-concerts.at\/wp-content\/uploads\/2023\/08\/0B6A9544-300x200.jpg 300w, https:\/\/classical-concerts.at\/wp-content\/uploads\/2023\/08\/0B6A9544-768x512.jpg 768w, https:\/\/classical-concerts.at\/wp-content\/uploads\/2023\/08\/0B6A9544-1536x1024.jpg 1536w, https:\/\/classical-concerts.at\/wp-content\/uploads\/2023\/08\/0B6A9544-2048x1365.jpg 2048w\" sizes=\"auto, (max-width: 1024px) 100vw, 1024px\" \/><\/figure>\n\n\n\n<figure class=\"wp-block-image size-large\"><img loading=\"lazy\" decoding=\"async\" width=\"1024\" height=\"634\" data-id=\"96\" src=\"http:\/\/classical-concerts.at\/wp-content\/uploads\/2023\/08\/Wiener-Barockorchester-unter5MB-1024x634.jpg\" alt=\"\" class=\"wp-image-96\" srcset=\"https:\/\/classical-concerts.at\/wp-content\/uploads\/2023\/08\/Wiener-Barockorchester-unter5MB-1024x634.jpg 1024w, https:\/\/classical-concerts.at\/wp-content\/uploads\/2023\/08\/Wiener-Barockorchester-unter5MB-300x186.jpg 300w, https:\/\/classical-concerts.at\/wp-content\/uploads\/2023\/08\/Wiener-Barockorchester-unter5MB-768x476.jpg 768w, https:\/\/classical-concerts.at\/wp-content\/uploads\/2023\/08\/Wiener-Barockorchester-unter5MB-1536x952.jpg 1536w, https:\/\/classical-concerts.at\/wp-content\/uploads\/2023\/08\/Wiener-Barockorchester-unter5MB-2048x1269.jpg 2048w\" sizes=\"auto, (max-width: 1024px) 100vw, 1024px\" \/><\/figure>\n<\/figure>\n\n\n\n<figure class=\"wp-block-image size-large uag-hide-mob\"><img loading=\"lazy\" decoding=\"async\" width=\"1024\" height=\"177\" src=\"http:\/\/classical-concerts.at\/wp-content\/uploads\/2023\/08\/bewertungen-1-1024x177.png\" alt=\"\" class=\"wp-image-197\" srcset=\"https:\/\/classical-concerts.at\/wp-content\/uploads\/2023\/08\/bewertungen-1-1024x177.png 1024w, https:\/\/classical-concerts.at\/wp-content\/uploads\/2023\/08\/bewertungen-1-300x52.png 300w, https:\/\/classical-concerts.at\/wp-content\/uploads\/2023\/08\/bewertungen-1-768x133.png 768w, https:\/\/classical-concerts.at\/wp-content\/uploads\/2023\/08\/bewertungen-1.png 1226w\" sizes=\"auto, (max-width: 1024px) 100vw, 1024px\" \/><\/figure>\n\n\n\n<figure class=\"wp-block-image size-full uag-hide-desktop uag-hide-tab\"><img loading=\"lazy\" decoding=\"async\" width=\"688\" height=\"417\" src=\"http:\/\/classical-concerts.at\/wp-content\/uploads\/2023\/08\/bewertungen-mobile-1.png\" alt=\"\" class=\"wp-image-433\" srcset=\"https:\/\/classical-concerts.at\/wp-content\/uploads\/2023\/08\/bewertungen-mobile-1.png 688w, https:\/\/classical-concerts.at\/wp-content\/uploads\/2023\/08\/bewertungen-mobile-1-300x182.png 300w\" sizes=\"auto, (max-width: 688px) 100vw, 688px\" \/><\/figure>\n\n\n\n<p>Sum\u00e9rjase en el coraz\u00f3n de la m\u00fasica vienesa con la Orquesta Barroca de Viena. Nada m\u00e1s entrar en el Palais Sch\u00f6nborn-Batthy\u00e1ny, una de las salas barrocas m\u00e1s magn\u00edficas de Viena, se adentrar\u00e1 en un mundo en el que la m\u00fasica cl\u00e1sica cobra vida. En el impresionante Sal\u00f3n Rojo, los virtuosos m\u00fasicos de la orquesta y los cantantes de \u00f3pera hacen resonar cada nota con pasi\u00f3n y autenticidad. Desde las obras intemporales de Mozart y Vivaldi hasta las melod\u00edas rom\u00e1nticas de Tchaikovsky y Brahms, cada concierto cl\u00e1sico es testigo del rico patrimonio musical de Viena. D\u00e9jese llevar por una sinfon\u00eda de momentos inolvidables.<\/p>\n\n\n\n<figure class=\"wp-block-table is-style-regular\">\n    <table style=\"border-collapse: collapse;\">\n        <tbody>\n            <tr>\n                <td style=\"border: 1px solid white;\">\ud83c\udfe0<\/td>\n                <td style=\"border: 1px solid white;\">Palais Sch\u00f6nborn-Batth\u00e1ny, 1010 Wien, Renngasse 4<\/td>\n            <\/tr>\n            <tr>\n                <td style=\"border: 1px solid white;\">\ud83d\udcde<\/td>\n                <td style=\"border: 1px solid white;\"><a href=\"tel:+43 1 9346914\">+43 1 9346914<\/a><\/td>\n            <\/tr>\n            <tr>\n                <td style=\"border: 1px solid white;\">\ud83d\udce7<\/td>\n                <td style=\"border: 1px solid white;\"><a href=\"mailto:office@baroque-classic.com\">office@baroque-classic.com<\/a><\/td>\n            <\/tr>\n        <\/tbody>\n    <\/table>\n<\/figure>\n\n\n\n<h2 class=\"wp-block-heading\" id=\"geschichte\">Historia<\/h2>\n\n\n\n<figure class=\"wp-block-image size-large\"><img loading=\"lazy\" decoding=\"async\" width=\"1024\" height=\"497\" src=\"http:\/\/classical-concerts.at\/wp-content\/uploads\/2023\/08\/foto3-1024x497.jpg\" alt=\"\" class=\"wp-image-94\" srcset=\"https:\/\/classical-concerts.at\/wp-content\/uploads\/2023\/08\/foto3-1024x497.jpg 1024w, https:\/\/classical-concerts.at\/wp-content\/uploads\/2023\/08\/foto3-300x145.jpg 300w, https:\/\/classical-concerts.at\/wp-content\/uploads\/2023\/08\/foto3-768x372.jpg 768w, https:\/\/classical-concerts.at\/wp-content\/uploads\/2023\/08\/foto3-1536x745.jpg 1536w, https:\/\/classical-concerts.at\/wp-content\/uploads\/2023\/08\/foto3.jpg 1920w\" sizes=\"auto, (max-width: 1024px) 100vw, 1024px\" \/><\/figure>\n\n\n\n<p>En el coraz\u00f3n de Viena, donde en su d\u00eda residi\u00f3 el poderoso mariscal de campo Adam, conde Batthy\u00e1ny, se encuentra una de las obras maestras arquitect\u00f3nicas del Barroco vien\u00e9s, el Palacio Sch\u00f6nborn-Batthy\u00e1ny. Construido en 1699 seg\u00fan los dise\u00f1os de Johann Bernhard Fischer von Erlach, arquitecto de la Karlskirche de Viena, el edificio barroco le transporta inmediatamente a la \u00e9poca de opulento esplendor. La imponente sala de conciertos impresiona por su notable construcci\u00f3n y ofrece una experiencia sonora insuperable desde el punto de vista ac\u00fastico. Sum\u00e9rjase en el maravilloso mundo de la m\u00fasica cl\u00e1sica y viva Viena en su m\u00e1xima expresi\u00f3n.<\/p>\n\n\n\n<h2 class=\"wp-block-heading\" id=\"konzerte\">Conciertos<\/h2>\n\n\n\n<p>Puede elegir entre 3 categor\u00edas:<\/p>\n\n\n\n<h2 class=\"wp-block-heading\" id=\"konzerte-tickets\">Categor\u00edas de entradas y precios<\/h2>\n\n\n\n<div class=\"wp-block-cover alignfull\"><span aria-hidden=\"true\" class=\"wp-block-cover__background has-background-dim\"><\/span><img loading=\"lazy\" decoding=\"async\" width=\"1024\" height=\"685\" class=\"wp-block-cover__image-background wp-image-93\" alt=\"\" src=\"http:\/\/classical-concerts.at\/wp-content\/uploads\/2023\/08\/foto4-1024x685.jpg\" data-object-fit=\"cover\" srcset=\"https:\/\/classical-concerts.at\/wp-content\/uploads\/2023\/08\/foto4-1024x685.jpg 1024w, https:\/\/classical-concerts.at\/wp-content\/uploads\/2023\/08\/foto4-300x201.jpg 300w, https:\/\/classical-concerts.at\/wp-content\/uploads\/2023\/08\/foto4-768x514.jpg 768w, https:\/\/classical-concerts.at\/wp-content\/uploads\/2023\/08\/foto4-1536x1028.jpg 1536w, https:\/\/classical-concerts.at\/wp-content\/uploads\/2023\/08\/foto4.jpg 1920w\" sizes=\"auto, (max-width: 1024px) 100vw, 1024px\" \/><div class=\"wp-block-cover__inner-container is-layout-flow wp-block-cover-is-layout-flow\">\n<p class=\"has-text-align-center has-large-font-size\"><\/p>\n\n\n\n<figure class=\"wp-block-table is-style-regular has-small-font-size\"><table class=\"has-quaternary-color has-text-color has-background\" style=\"background-color:#0f0402\"><thead><tr><th>&nbsp;<\/th><th class=\"has-text-align-center\" data-align=\"center\">Concierto **<\/th><th class=\"has-text-align-center\" data-align=\"center\">Concierto &amp; Cena ***<\/th><\/tr><\/thead><tbody><tr><td>*VIP<\/td><td class=\"has-text-align-center\" data-align=\"center\">\u20ac 74<\/td><td class=\"has-text-align-center\" data-align=\"center\">\u20ac 119<\/td><\/tr><tr><td>Cat. A<\/td><td class=\"has-text-align-center\" data-align=\"center\">\u20ac 59<\/td><td class=\"has-text-align-center\" data-align=\"center\">\u20ac 104<\/td><\/tr><tr><td>Cat. B<\/td><td class=\"has-text-align-center\" data-align=\"center\">\u20ac 49<\/td><td class=\"has-text-align-center\" data-align=\"center\">\u20ac 94<\/td><\/tr><\/tbody><\/table><\/figure>\n\n\n\n<div class=\"wp-block-buttons is-content-justification-center is-layout-flex wp-container-core-buttons-is-layout-16018d1d wp-block-buttons-is-layout-flex\">\n<div class=\"wp-block-button is-style-fill\"><a class=\"wp-block-button__link has-text-align-center wp-element-button\" href=\"https:\/\/classical-concerts.reservix.at\/\" target=\"_blank\" rel=\"noopener\">Comprar entradas<\/a><\/div>\n<\/div>\n<\/div><\/div>\n\n\n\n<p class=\"has-quaternary-color has-text-color\"><\/p>\n\n\n<div class=\"wp-block-image\">\n<figure class=\"alignright size-full is-resized\"><img loading=\"lazy\" decoding=\"async\" src=\"http:\/\/classical-concerts.at\/wp-content\/uploads\/2023\/08\/sitzplan.jpg\" alt=\"\" class=\"wp-image-160\" style=\"width:227px;height:212px\" width=\"227\" height=\"212\"\/><\/figure>\n<\/div>\n\n\n<p>*&nbsp; &nbsp; &nbsp; Asegura un asiento en primera o segunda fila en el concierto incl. una bebida<\/p>\n\n\n\n<p>**&nbsp; &nbsp; Inicio del concierto: 18:30 en el Palais Sch\u00f6nborn<\/p>\n\n\n\n<p>***&nbsp; El concierto comienza a las 18.30 horas en el Palais Sch\u00f6nborn, la cena a las 20.30 horas en el Caf\u00e9 Landtmann.<\/p>\n\n\n\n<p><\/p>\n\n\n\n<p>Actualmente hay dos conciertos cada uno (18:30 y 20:20).<\/p>\n\n\n\n<h2 class=\"wp-block-heading\" id=\"programm\">Extracto del programa<\/h2>\n\n\n\n<p><strong>W. A. Mozart<\/strong> \u201eNon pi\u00f9 andrai\u201c, Le Nozze Di Figaro<br><strong>A. Vivaldi<\/strong> \u201eVier Jahreszeiten\u201c<br><strong>W. A. Mozart<\/strong> \u201ePapageno-Papagena\u201c, Die Zauberfl\u00f6te<br><strong>G. Donizetti<\/strong> \u201eUna furtiva lagrima\u201c<br><strong>P. I. Tschaikowski<\/strong> \u201eWalzer\u201c, Streicherserenade<br><strong>J. Brahms<\/strong> \u201eUngarischer Tanz Nr. 5\u201c<br><strong>F. Lehar<\/strong> \u201eDein ist mein ganzes Herz\u201c<\/p>\n\n\n\n<p><\/p>\n\n\n\n<p><em>Programa sujeto a cambios<\/em><\/p>\n\n\n\n<p><\/p>\n\n\n\n<h2 class=\"wp-block-heading\" id=\"dinner\">Concierto y cena<\/h2>\n\n\n<div class=\"wp-block-image\">\n<figure class=\"alignright size-large is-resized\"><img loading=\"lazy\" decoding=\"async\" src=\"http:\/\/classical-concerts.at\/wp-content\/uploads\/2023\/08\/Landman-tafelspitz-1024x770.jpg\" alt=\"\" class=\"wp-image-151\" style=\"width:222px;height:167px\" width=\"222\" height=\"167\" srcset=\"https:\/\/classical-concerts.at\/wp-content\/uploads\/2023\/08\/Landman-tafelspitz-1024x770.jpg 1024w, https:\/\/classical-concerts.at\/wp-content\/uploads\/2023\/08\/Landman-tafelspitz-300x226.jpg 300w, https:\/\/classical-concerts.at\/wp-content\/uploads\/2023\/08\/Landman-tafelspitz-768x577.jpg 768w, https:\/\/classical-concerts.at\/wp-content\/uploads\/2023\/08\/Landman-tafelspitz.jpg 1080w\" sizes=\"auto, (max-width: 222px) 100vw, 222px\" \/><\/figure>\n<\/div>\n\n\n<p>Comience su velada culinario-musical a las 18:30 junto con la \u00abOrquesta Barroca de Viena\u00bb en un viaje inolvidable a trav\u00e9s de las \u00e9pocas m\u00e1s importantes de la historia de la m\u00fasica austriaca.<\/p>\n\n\n\n<p>Tras el concierto, dir\u00edjase al Caf\u00e9 Restaurant Landtmann, toda una instituci\u00f3n vienesa.<\/p>\n\n\n\n<p><\/p>\n\n\n\n<h4 class=\"wp-block-heading\">El Caf\u00e9 Landtmann:<\/h4>\n\n\n<div class=\"wp-block-image\">\n<figure class=\"alignright size-medium is-resized\"><img loading=\"lazy\" decoding=\"async\" src=\"http:\/\/classical-concerts.at\/wp-content\/uploads\/2023\/08\/cafe-landmann-300x200.jpg\" alt=\"\" class=\"wp-image-194\" style=\"width:243px;height:162px\" width=\"243\" height=\"162\" srcset=\"https:\/\/classical-concerts.at\/wp-content\/uploads\/2023\/08\/cafe-landmann-300x200.jpg 300w, https:\/\/classical-concerts.at\/wp-content\/uploads\/2023\/08\/cafe-landmann-1024x683.jpg 1024w, https:\/\/classical-concerts.at\/wp-content\/uploads\/2023\/08\/cafe-landmann-768x512.jpg 768w, https:\/\/classical-concerts.at\/wp-content\/uploads\/2023\/08\/cafe-landmann-1536x1024.jpg 1536w, https:\/\/classical-concerts.at\/wp-content\/uploads\/2023\/08\/cafe-landmann.jpg 1900w\" sizes=\"auto, (max-width: 243px) 100vw, 243px\" \/><\/figure>\n<\/div>\n\n\n<p>Franz Landtmann abri\u00f3 en 1873 \u00abel caf\u00e9 m\u00e1s elegante\u00bb de Viena. Hoy en d\u00eda, \u00abdas Landtmann\u00bb sigue siendo el ep\u00edtome de la cultura vienesa de los caf\u00e9s y uno de los \u00faltimos que quedan en la Ringstrasse. Disfrute aqu\u00ed del maravilloso mundo de la hospitalidad y la tradici\u00f3n vienesas con una melange y un strudel de manzana, como antes hicieron Sigmund Freud, Gustav Mahler o Hillary Clinton.<\/p>\n\n\n\n<h4 class=\"wp-block-heading\">Das SERVUS Restaurant:<\/h4>\n\n\n<div class=\"wp-block-image\">\n<figure class=\"alignright size-full is-resized\"><img loading=\"lazy\" decoding=\"async\" src=\"http:\/\/classical-concerts.at\/wp-content\/uploads\/2023\/08\/servus-restaurant-wien.png\" alt=\"\" class=\"wp-image-163\" style=\"width:176px;height:222px\" width=\"176\" height=\"222\" srcset=\"https:\/\/classical-concerts.at\/wp-content\/uploads\/2023\/08\/servus-restaurant-wien.png 559w, https:\/\/classical-concerts.at\/wp-content\/uploads\/2023\/08\/servus-restaurant-wien-238x300.png 238w\" sizes=\"auto, (max-width: 176px) 100vw, 176px\" \/><\/figure>\n<\/div>\n\n\n<p>El restaurante SERVUS le har\u00e1 feliz culinariamente. Le mimar\u00e1n con platos austriacos. El restaurante da mucha importancia a los ingredientes regionales y de alta calidad. Disfrute aqu\u00ed de su plato austriaco reci\u00e9n interpretado y reci\u00e9n preparado.<\/p>\n\n\n\n<div style=\"height:66px\" aria-hidden=\"true\" class=\"wp-block-spacer\"><\/div>\n\n\n\n<h2 class=\"wp-block-heading has-text-align-center\">Men\u00fa<\/h2>\n\n\n\n<div class=\"wp-block-media-text alignwide has-media-on-the-right is-stacked-on-mobile is-vertically-aligned-center has-background\" style=\"background-color:#e3e9df;grid-template-columns:auto 40%\"><div class=\"wp-block-media-text__content\">\n<div class=\"wp-block-group\" style=\"padding-top:2em;padding-right:2em;padding-bottom:2em;padding-left:2em\"><div class=\"wp-block-group__inner-container is-layout-flow wp-block-group-is-layout-flow\">\n<h3 class=\"wp-block-heading has-text-align-center has-text-color\" style=\"color:#5d5d5c\">Men\u00fa Caf\u00e9 Landtmann<\/h3>\n\n\n\n<p class=\"has-text-align-center has-text-color\" style=\"color:#5d5d5c\"><br>Sopa de ternera con fritattas<br>***<br>Wiener Schnitzel de ternera, empanado y dorado al horno con ensalada de patatas casera y ar\u00e1ndanos rojos<br>o<br>Ternera hervida a la vienesa con las guarniciones cl\u00e1sicas (tub\u00e9rculos, crema de espinacas, patatas asadas, salsa de cebollino y r\u00e1bano picante con manzana)<br>***<br>Guglhupf de Landtmann<\/p>\n<\/div><\/div>\n<\/div><figure class=\"wp-block-media-text__media\"><img loading=\"lazy\" decoding=\"async\" width=\"1024\" height=\"576\" src=\"http:\/\/classical-concerts.at\/wp-content\/uploads\/2023\/08\/landtmann-1024x576.webp\" alt=\"\" class=\"wp-image-147 size-large\" srcset=\"https:\/\/classical-concerts.at\/wp-content\/uploads\/2023\/08\/landtmann-1024x576.webp 1024w, https:\/\/classical-concerts.at\/wp-content\/uploads\/2023\/08\/landtmann-300x169.webp 300w, https:\/\/classical-concerts.at\/wp-content\/uploads\/2023\/08\/landtmann-768x432.webp 768w, https:\/\/classical-concerts.at\/wp-content\/uploads\/2023\/08\/landtmann-1536x864.webp 1536w, https:\/\/classical-concerts.at\/wp-content\/uploads\/2023\/08\/landtmann.webp 1600w\" sizes=\"auto, (max-width: 1024px) 100vw, 1024px\" \/><\/figure><\/div>\n\n\n\n<div class=\"wp-block-media-text alignwide is-stacked-on-mobile is-vertically-aligned-center has-background\" style=\"background-color:#f0ede5;grid-template-columns:28% auto\"><figure class=\"wp-block-media-text__media\"><img loading=\"lazy\" decoding=\"async\" width=\"792\" height=\"990\" src=\"http:\/\/classical-concerts.at\/wp-content\/uploads\/2023\/08\/WienerSchnitzel.jpg\" alt=\"\" class=\"wp-image-146 size-full\" srcset=\"https:\/\/classical-concerts.at\/wp-content\/uploads\/2023\/08\/WienerSchnitzel.jpg 792w, https:\/\/classical-concerts.at\/wp-content\/uploads\/2023\/08\/WienerSchnitzel-240x300.jpg 240w, https:\/\/classical-concerts.at\/wp-content\/uploads\/2023\/08\/WienerSchnitzel-768x960.jpg 768w\" sizes=\"auto, (max-width: 792px) 100vw, 792px\" \/><\/figure><div class=\"wp-block-media-text__content\">\n<div class=\"wp-block-group\" style=\"padding-top:2em;padding-right:2em;padding-bottom:2em;padding-left:2em\"><div class=\"wp-block-group__inner-container is-layout-flow wp-block-group-is-layout-flow\">\n<h3 class=\"wp-block-heading has-text-align-center has-text-color\" style=\"color:#5d5d5c\">Men\u00fa Restaurant SERVUS<\/h3>\n\n\n\n<p class=\"has-text-align-center has-text-color\" style=\"color:#5d5d5c\"><br>Pan casero. Mantequilla. Ensalada<br>***<br>Sopa de calabaza. Mijo. Cilantro<br>***<br>Schnitzel vien\u00e9s original. Ensalada de patata y serbal. Ar\u00e1ndanos<br>***<br>Kaiserschmarren. Zwetschkenr\u00f6ster. Ron sultana<\/p>\n<\/div><\/div>\n<\/div><\/div>\n\n\n\n<h2 class=\"wp-block-heading has-text-align-center\" id=\"kontakt\">Plano e itinerario<\/h2>\n\n\n\t\t\t<div \n\t\t\tclass=\"wp-block-uagb-google-map uagb-google-map__wrap uagb-block-4dc30bb2    \"\n\t\t\tstyle=\"\" >\n\t\t\t\t<iframe\n\t\t\t\t\tclass=\"uagb-google-map__iframe\"\n\t\t\t\t\ttitle=\"Google Map for \"\n\t\t\t\t\tsrc=\"https:\/\/maps.google.com\/maps?q=%20Palais%20Sch%C3%B6nborn%20Renngasse%204%2C%201010%20Wien%2C%20Austria&#038;z=12&#038;hl=en&#038;t=m&#038;output=embed&#038;iwloc=near\"\n\t\t\t\t\twidth=\"640\"\n\t\t\t\t\theight=\"300\"\n\t\t\t\t\tloading=\"lazy\"\n\t\t\t\t><\/iframe>\n\t\t\t<\/div>\n\t\t\t\n\n\n<div class=\"wp-block-cover alignfull\" style=\"min-height:267px;aspect-ratio:unset;\"><span aria-hidden=\"true\" class=\"wp-block-cover__background has-background-dim\"><\/span><img loading=\"lazy\" decoding=\"async\" width=\"1024\" height=\"777\" class=\"wp-block-cover__image-background wp-image-98\" alt=\"\" src=\"http:\/\/classical-concerts.at\/wp-content\/uploads\/2023\/08\/Wiener-Barockorchester-9-1024x777.jpg\" style=\"object-position:46% 68%\" data-object-fit=\"cover\" data-object-position=\"46% 68%\" srcset=\"https:\/\/classical-concerts.at\/wp-content\/uploads\/2023\/08\/Wiener-Barockorchester-9-1024x777.jpg 1024w, https:\/\/classical-concerts.at\/wp-content\/uploads\/2023\/08\/Wiener-Barockorchester-9-300x228.jpg 300w, https:\/\/classical-concerts.at\/wp-content\/uploads\/2023\/08\/Wiener-Barockorchester-9-768x582.jpg 768w, https:\/\/classical-concerts.at\/wp-content\/uploads\/2023\/08\/Wiener-Barockorchester-9.jpg 1080w\" sizes=\"auto, (max-width: 1024px) 100vw, 1024px\" \/><div class=\"wp-block-cover__inner-container is-layout-flow wp-block-cover-is-layout-flow\">\n<h2 class=\"wp-block-heading has-text-align-center has-quaternary-color has-text-color\" style=\"font-size:55px;\"><a href=\"https:\/\/classical-concerts.reservix.at\/\" style=\"color: white !important;\" target=\"_blank\" rel=\"noopener\">Entradas<\/a><\/h2>\n<\/div><\/div>\n","protected":false},"excerpt":{"rendered":"<p>Orquesta Barroca de Viena \u00ab\u2026 porque nos encanta conversar con todo tipo de maestros; antiguos y modernos\u00bb, dijo Wolfgang Amadeus Mozart. \u00danase a la famosa \u00abOrquesta Barroca de Viena\u00bb en [&hellip;]<\/p>\n","protected":false},"author":1,"featured_media":206,"parent":0,"menu_order":0,"comment_status":"closed","ping_status":"closed","template":"","meta":{"hide_page_title":"","_uag_custom_page_level_css":"","footnotes":""},"class_list":["post-513","page","type-page","status-publish","has-post-thumbnail","hentry"],"uagb_featured_image_src":{"full":["https:\/\/classical-concerts.at\/wp-content\/uploads\/2023\/08\/FeaturedFoto.jpg",1350,600,false],"thumbnail":["https:\/\/classical-concerts.at\/wp-content\/uploads\/2023\/08\/FeaturedFoto-150x150.jpg",150,150,true],"medium":["https:\/\/classical-concerts.at\/wp-content\/uploads\/2023\/08\/FeaturedFoto-300x133.jpg",300,133,true],"medium_large":["https:\/\/classical-concerts.at\/wp-content\/uploads\/2023\/08\/FeaturedFoto-768x341.jpg",660,293,true],"large":["https:\/\/classical-concerts.at\/wp-content\/uploads\/2023\/08\/FeaturedFoto-1024x455.jpg",660,293,true],"1536x1536":["https:\/\/classical-concerts.at\/wp-content\/uploads\/2023\/08\/FeaturedFoto.jpg",1350,600,false],"2048x2048":["https:\/\/classical-concerts.at\/wp-content\/uploads\/2023\/08\/FeaturedFoto.jpg",1350,600,false]},"uagb_author_info":{"display_name":"admini","author_link":"https:\/\/classical-concerts.at\/es\/author\/admini\/"},"uagb_comment_info":0,"uagb_excerpt":"Orquesta Barroca de Viena \u00ab\u2026 porque nos encanta conversar con todo tipo de maestros; antiguos y modernos\u00bb, dijo Wolfgang Amadeus Mozart. \u00danase a la famosa \u00abOrquesta Barroca de Viena\u00bb en [&hellip;]","_links":{"self":[{"href":"https:\/\/classical-concerts.at\/es\/wp-json\/wp\/v2\/pages\/513","targetHints":{"allow":["GET"]}}],"collection":[{"href":"https:\/\/classical-concerts.at\/es\/wp-json\/wp\/v2\/pages"}],"about":[{"href":"https:\/\/classical-concerts.at\/es\/wp-json\/wp\/v2\/types\/page"}],"author":[{"embeddable":true,"href":"https:\/\/classical-concerts.at\/es\/wp-json\/wp\/v2\/users\/1"}],"replies":[{"embeddable":true,"href":"https:\/\/classical-concerts.at\/es\/wp-json\/wp\/v2\/comments?post=513"}],"version-history":[{"count":3,"href":"https:\/\/classical-concerts.at\/es\/wp-json\/wp\/v2\/pages\/513\/revisions"}],"predecessor-version":[{"id":638,"href":"https:\/\/classical-concerts.at\/es\/wp-json\/wp\/v2\/pages\/513\/revisions\/638"}],"wp:featuredmedia":[{"embeddable":true,"href":"https:\/\/classical-concerts.at\/es\/wp-json\/wp\/v2\/media\/206"}],"wp:attachment":[{"href":"https:\/\/classical-concerts.at\/es\/wp-json\/wp\/v2\/media?parent=513"}],"curies":[{"name":"wp","href":"https:\/\/api.w.org\/{rel}","templated":true}]}}