{"id":451,"date":"2023-08-21T12:00:37","date_gmt":"2023-08-21T10:00:37","guid":{"rendered":"http:\/\/wp.classical-concerts.at\/?page_id=451"},"modified":"2024-10-10T13:20:13","modified_gmt":"2024-10-10T11:20:13","slug":"wiener-barock-orchester","status":"publish","type":"page","link":"https:\/\/classical-concerts.at\/fr\/","title":{"rendered":"Wiener Barock Orchester"},"content":{"rendered":"\n<h2 class=\"wp-block-heading\" id=\"home\">Orchestre baroque de Vienne<\/h2>\n\n\n\n<div class=\"wp-block-media-text alignfull is-stacked-on-mobile\" style=\"grid-template-columns:45% auto\"><figure class=\"wp-block-media-text__media\"><img loading=\"lazy\" decoding=\"async\" width=\"1024\" height=\"455\" src=\"http:\/\/classical-concerts.at\/wp-content\/uploads\/2023\/08\/foto2-1024x455.jpg\" alt=\"\" class=\"wp-image-95 size-full\" srcset=\"https:\/\/classical-concerts.at\/wp-content\/uploads\/2023\/08\/foto2-1024x455.jpg 1024w, https:\/\/classical-concerts.at\/wp-content\/uploads\/2023\/08\/foto2-300x133.jpg 300w, https:\/\/classical-concerts.at\/wp-content\/uploads\/2023\/08\/foto2-768x341.jpg 768w, https:\/\/classical-concerts.at\/wp-content\/uploads\/2023\/08\/foto2.jpg 1350w\" sizes=\"auto, (max-width: 1024px) 100vw, 1024px\" \/><\/figure><div class=\"wp-block-media-text__content\">\n<p style=\"padding-top:var(--wp--preset--spacing--20);padding-right:var(--wp--preset--spacing--40);padding-bottom:var(--wp--preset--spacing--20);padding-left:var(--wp--preset--spacing--40)\">\u201e\u2026 nous aimons \u00e9couter les compositeurs c\u00e9l\u00e8bres.\u201c C\u2019est la raison pour laquelle vous \u00eates invit\u00e9s de l\u2019accompagner l\u2019Orchestre Baroque de Vienne. Ce sont des solistes de renomm\u00e9e internationale, qui vous proposent des oeuvres les plus connus de Mozart, Vivaldi, Donizetti et Tschaikowski. Accompagn\u00e9 par des chanteurs d\u2019op\u00e9ra, les interpr\u00e8tes vont enlever vous dans l\u2019\u00e9poque imp\u00e9riale. Passez une soir\u00e9e formidable dans la plus belle salle de concert de Vienne.<\/p>\n<\/div><\/div>\n\n\n\n<figure class=\"wp-block-embed is-type-video is-provider-youtube wp-block-embed-youtube wp-embed-aspect-16-9 wp-has-aspect-ratio\"><div class=\"wp-block-embed__wrapper\">\n<iframe loading=\"lazy\" title=\"Wiener Barockorchester \/Vienna Baroque Orchestra (Official Video)\" width=\"660\" height=\"371\" src=\"https:\/\/www.youtube.com\/embed\/oKrzAZaSTvk?feature=oembed\" frameborder=\"0\" allow=\"accelerometer; autoplay; clipboard-write; encrypted-media; gyroscope; picture-in-picture; web-share\" referrerpolicy=\"strict-origin-when-cross-origin\" allowfullscreen><\/iframe>\n<\/div><\/figure>\n\n\n\n<figure class=\"wp-block-gallery has-nested-images columns-default is-cropped wp-block-gallery-1 is-layout-flex wp-block-gallery-is-layout-flex\">\n<figure class=\"wp-block-image size-large\"><img loading=\"lazy\" decoding=\"async\" width=\"1024\" height=\"685\" data-id=\"99\" src=\"http:\/\/classical-concerts.at\/wp-content\/uploads\/2023\/08\/Wiener-Barockorchester-4-1024x685.jpg\" alt=\"\" class=\"wp-image-99\" srcset=\"https:\/\/classical-concerts.at\/wp-content\/uploads\/2023\/08\/Wiener-Barockorchester-4-1024x685.jpg 1024w, https:\/\/classical-concerts.at\/wp-content\/uploads\/2023\/08\/Wiener-Barockorchester-4-300x201.jpg 300w, https:\/\/classical-concerts.at\/wp-content\/uploads\/2023\/08\/Wiener-Barockorchester-4-768x514.jpg 768w, https:\/\/classical-concerts.at\/wp-content\/uploads\/2023\/08\/Wiener-Barockorchester-4-1536x1028.jpg 1536w, https:\/\/classical-concerts.at\/wp-content\/uploads\/2023\/08\/Wiener-Barockorchester-4-2048x1371.jpg 2048w\" sizes=\"auto, (max-width: 1024px) 100vw, 1024px\" \/><\/figure>\n\n\n\n<figure class=\"wp-block-image size-large\"><img loading=\"lazy\" decoding=\"async\" width=\"1024\" height=\"683\" data-id=\"97\" src=\"http:\/\/classical-concerts.at\/wp-content\/uploads\/2023\/08\/0B6A9544-1024x683.jpg\" alt=\"\" class=\"wp-image-97\" srcset=\"https:\/\/classical-concerts.at\/wp-content\/uploads\/2023\/08\/0B6A9544-1024x683.jpg 1024w, https:\/\/classical-concerts.at\/wp-content\/uploads\/2023\/08\/0B6A9544-300x200.jpg 300w, https:\/\/classical-concerts.at\/wp-content\/uploads\/2023\/08\/0B6A9544-768x512.jpg 768w, https:\/\/classical-concerts.at\/wp-content\/uploads\/2023\/08\/0B6A9544-1536x1024.jpg 1536w, https:\/\/classical-concerts.at\/wp-content\/uploads\/2023\/08\/0B6A9544-2048x1365.jpg 2048w\" sizes=\"auto, (max-width: 1024px) 100vw, 1024px\" \/><\/figure>\n\n\n\n<figure class=\"wp-block-image size-large\"><img loading=\"lazy\" decoding=\"async\" width=\"1024\" height=\"634\" data-id=\"96\" src=\"http:\/\/classical-concerts.at\/wp-content\/uploads\/2023\/08\/Wiener-Barockorchester-unter5MB-1024x634.jpg\" alt=\"\" class=\"wp-image-96\" srcset=\"https:\/\/classical-concerts.at\/wp-content\/uploads\/2023\/08\/Wiener-Barockorchester-unter5MB-1024x634.jpg 1024w, https:\/\/classical-concerts.at\/wp-content\/uploads\/2023\/08\/Wiener-Barockorchester-unter5MB-300x186.jpg 300w, https:\/\/classical-concerts.at\/wp-content\/uploads\/2023\/08\/Wiener-Barockorchester-unter5MB-768x476.jpg 768w, https:\/\/classical-concerts.at\/wp-content\/uploads\/2023\/08\/Wiener-Barockorchester-unter5MB-1536x952.jpg 1536w, https:\/\/classical-concerts.at\/wp-content\/uploads\/2023\/08\/Wiener-Barockorchester-unter5MB-2048x1269.jpg 2048w\" sizes=\"auto, (max-width: 1024px) 100vw, 1024px\" \/><\/figure>\n<\/figure>\n\n\n\n<figure class=\"wp-block-image size-large uag-hide-mob\"><img loading=\"lazy\" decoding=\"async\" width=\"1024\" height=\"177\" src=\"http:\/\/classical-concerts.at\/wp-content\/uploads\/2023\/08\/bewertungen-1-1024x177.png\" alt=\"\" class=\"wp-image-197\" srcset=\"https:\/\/classical-concerts.at\/wp-content\/uploads\/2023\/08\/bewertungen-1-1024x177.png 1024w, https:\/\/classical-concerts.at\/wp-content\/uploads\/2023\/08\/bewertungen-1-300x52.png 300w, https:\/\/classical-concerts.at\/wp-content\/uploads\/2023\/08\/bewertungen-1-768x133.png 768w, https:\/\/classical-concerts.at\/wp-content\/uploads\/2023\/08\/bewertungen-1.png 1226w\" sizes=\"auto, (max-width: 1024px) 100vw, 1024px\" \/><\/figure>\n\n\n\n<figure class=\"wp-block-image size-full uag-hide-desktop uag-hide-tab\"><img loading=\"lazy\" decoding=\"async\" width=\"688\" height=\"417\" src=\"http:\/\/classical-concerts.at\/wp-content\/uploads\/2023\/08\/bewertungen-mobile-1.png\" alt=\"\" class=\"wp-image-433\" srcset=\"https:\/\/classical-concerts.at\/wp-content\/uploads\/2023\/08\/bewertungen-mobile-1.png 688w, https:\/\/classical-concerts.at\/wp-content\/uploads\/2023\/08\/bewertungen-mobile-1-300x182.png 300w\" sizes=\"auto, (max-width: 688px) 100vw, 688px\" \/><\/figure>\n\n\n\n<p>Plongez au c\u0153ur de la musique viennoise avec le Wiener Barock Orchester. D\u00e8s que vous p\u00e9n\u00e9trez dans le Palais Sch\u00f6nborn-Batthy\u00e1ny, l&rsquo;une des plus somptueuses salles baroques de Vienne, vous entrez dans un monde o\u00f9 la musique classique prend vie. Dans l&rsquo;impressionnant salon rouge, l&rsquo;orchestre fait r\u00e9sonner chaque note avec passion et authenticit\u00e9 gr\u00e2ce \u00e0 ses musiciens virtuoses et ses chanteurs d&rsquo;op\u00e9ra. Des \u0153uvres intemporelles de Mozart et Vivaldi aux m\u00e9lodies romantiques de Tcha\u00efkovski et Brahms, chaque concert classique t\u00e9moigne du riche h\u00e9ritage musical de Vienne. Laissez-vous emporter dans une symphonie de moments inoubliables.<\/p>\n\n\n\n<figure class=\"wp-block-table is-style-regular\">\n    <table style=\"border-collapse: collapse;\">\n        <tbody>\n            <tr>\n                <td style=\"border: 1px solid white;\">\ud83c\udfe0<\/td>\n                <td style=\"border: 1px solid white;\">Palais Sch\u00f6nborn-Batth\u00e1ny, 1010 Wien, Renngasse 4<\/td>\n            <\/tr>\n            <tr>\n                <td style=\"border: 1px solid white;\">\ud83d\udcde<\/td>\n                <td style=\"border: 1px solid white;\"><a href=\"tel:+43 1 9346914\">+43 1 9346914<\/a><\/td>\n            <\/tr>\n            <tr>\n                <td style=\"border: 1px solid white;\">\ud83d\udce7<\/td>\n                <td style=\"border: 1px solid white;\"><a href=\"mailto:office@baroque-classic.com\">office@baroque-classic.com<\/a><\/td>\n            <\/tr>\n        <\/tbody>\n    <\/table>\n<\/figure>\n\n\n\n<h2 class=\"wp-block-heading\" id=\"geschichte\">Histoire<\/h2>\n\n\n\n<figure class=\"wp-block-image size-large\"><img loading=\"lazy\" decoding=\"async\" width=\"1024\" height=\"497\" src=\"http:\/\/classical-concerts.at\/wp-content\/uploads\/2023\/08\/foto3-1024x497.jpg\" alt=\"\" class=\"wp-image-94\" srcset=\"https:\/\/classical-concerts.at\/wp-content\/uploads\/2023\/08\/foto3-1024x497.jpg 1024w, https:\/\/classical-concerts.at\/wp-content\/uploads\/2023\/08\/foto3-300x145.jpg 300w, https:\/\/classical-concerts.at\/wp-content\/uploads\/2023\/08\/foto3-768x372.jpg 768w, https:\/\/classical-concerts.at\/wp-content\/uploads\/2023\/08\/foto3-1536x745.jpg 1536w, https:\/\/classical-concerts.at\/wp-content\/uploads\/2023\/08\/foto3.jpg 1920w\" sizes=\"auto, (max-width: 1024px) 100vw, 1024px\" \/><\/figure>\n\n\n\n<p>L&rsquo;un des chefs-d&rsquo;\u0153uvre de l&rsquo;architecture viennoise se dresse au c\u0153ur de l&rsquo;impressionnant centre historique de la ville, l\u00e0 o\u00f9 vivait autrefois le c\u00e9l\u00e8bre mar\u00e9chal Adam comte Batthy\u00e1ny. Le Palais Sch\u00f6nborn-Batthy\u00e1ny a \u00e9t\u00e9 construit en 1699, d&rsquo;apr\u00e8s les plans de Johann Bernhard Fischer von Erlach, l&rsquo;architecte de l&rsquo;\u00e9glise Saint-Charles de Vienne. L&rsquo;impressionnante salle de concert vous invite \u00e0 une soir\u00e9e inoubliable, anim\u00e9e par de talentueux musiciens et de superbes chanteurs d&rsquo;op\u00e9ra. Plongez dans un monde merveilleux de tradition courtoise et de musique classique exquise. D\u00e9couvrez ainsi le c\u00f4t\u00e9 traditionnel et le plus beau de Vienne.<\/p>\n\n\n\n<h2 class=\"wp-block-heading\" id=\"konzerte\">Concerts<\/h2>\n\n\n\n<p>Vous pouvez choisir parmi 3 cat\u00e9gories :<\/p>\n\n\n\n<h2 class=\"wp-block-heading\" id=\"konzerte-tickets\">Cat\u00e9gories de billets &amp; prix<\/h2>\n\n\n\n<div class=\"wp-block-cover alignfull\"><span aria-hidden=\"true\" class=\"wp-block-cover__background has-background-dim\"><\/span><img loading=\"lazy\" decoding=\"async\" width=\"1024\" height=\"685\" class=\"wp-block-cover__image-background wp-image-93\" alt=\"\" src=\"http:\/\/classical-concerts.at\/wp-content\/uploads\/2023\/08\/foto4-1024x685.jpg\" data-object-fit=\"cover\" srcset=\"https:\/\/classical-concerts.at\/wp-content\/uploads\/2023\/08\/foto4-1024x685.jpg 1024w, https:\/\/classical-concerts.at\/wp-content\/uploads\/2023\/08\/foto4-300x201.jpg 300w, https:\/\/classical-concerts.at\/wp-content\/uploads\/2023\/08\/foto4-768x514.jpg 768w, https:\/\/classical-concerts.at\/wp-content\/uploads\/2023\/08\/foto4-1536x1028.jpg 1536w, https:\/\/classical-concerts.at\/wp-content\/uploads\/2023\/08\/foto4.jpg 1920w\" sizes=\"auto, (max-width: 1024px) 100vw, 1024px\" \/><div class=\"wp-block-cover__inner-container is-layout-flow wp-block-cover-is-layout-flow\">\n<p class=\"has-text-align-center has-large-font-size\"><\/p>\n\n\n\n<figure class=\"wp-block-table is-style-regular has-small-font-size\"><table class=\"has-quaternary-color has-text-color has-background\" style=\"background-color:#0f0402\"><thead><tr><th>&nbsp;<\/th><th class=\"has-text-align-center\" data-align=\"center\">Concert **<\/th><th class=\"has-text-align-center\" data-align=\"center\">Concert &amp; D\u00eener ***<\/th><\/tr><\/thead><tbody><tr><td>*VIP<\/td><td class=\"has-text-align-center\" data-align=\"center\">\u20ac 79<\/td><td class=\"has-text-align-center\" data-align=\"center\">\u20ac 129<\/td><\/tr><tr><td>Cat. A<\/td><td class=\"has-text-align-center\" data-align=\"center\">\u20ac 69<\/td><td class=\"has-text-align-center\" data-align=\"center\">\u20ac 119<\/td><\/tr><tr><td>Cat. B<\/td><td class=\"has-text-align-center\" data-align=\"center\">\u20ac 59<\/td><td class=\"has-text-align-center\" data-align=\"center\">\u20ac 109<\/td><\/tr><\/tbody><\/table><\/figure>\n\n\n\n<div class=\"wp-block-buttons is-content-justification-center is-layout-flex wp-container-core-buttons-is-layout-16018d1d wp-block-buttons-is-layout-flex\">\n<div class=\"wp-block-button is-style-fill\"><a class=\"wp-block-button__link has-text-align-center wp-element-button\" href=\"https:\/\/classical-concerts.reservix.at\/\" target=\"_blank\" rel=\"noopener\">Acheter des billets<\/a><\/div>\n<\/div>\n<\/div><\/div>\n\n\n\n<p class=\"has-quaternary-color has-text-color\"><\/p>\n\n\n<div class=\"wp-block-image\">\n<figure class=\"alignright size-full is-resized\"><img loading=\"lazy\" decoding=\"async\" width=\"800\" height=\"719\" src=\"https:\/\/classical-concerts.at\/wp-content\/uploads\/2024\/10\/Saalplan-2024.png\" alt=\"Saalplan\" class=\"wp-image-1668\" style=\"aspect-ratio:1.070754716981132;width:256px;height:auto\" srcset=\"https:\/\/classical-concerts.at\/wp-content\/uploads\/2024\/10\/Saalplan-2024.png 800w, https:\/\/classical-concerts.at\/wp-content\/uploads\/2024\/10\/Saalplan-2024-300x270.png 300w, https:\/\/classical-concerts.at\/wp-content\/uploads\/2024\/10\/Saalplan-2024-768x690.png 768w\" sizes=\"auto, (max-width: 800px) 100vw, 800px\" \/><\/figure>\n<\/div>\n\n\n<p>*&nbsp; &nbsp; &nbsp; Assurez-vous une place au premier ou au deuxi\u00e8me rang du concert, boisson comprise<br><\/p>\n\n\n\n<p>** D\u00e9but du concert : 18:30 ou 20:20 au Palais Sch\u00f6nborn<br><\/p>\n\n\n\n<p>*** D\u00e9but du concert : 18:30 ou 20:20 au Palais Sch\u00f6nborn, d\u00e9but du d\u00eener 18:00 ou 20:30<br><\/p>\n\n\n\n<h2 class=\"wp-block-heading\" id=\"programm\">Extrait du programme<\/h2>\n\n\n\n<p><strong>W. A. Mozart<\/strong> \u201eNon pi\u00f9 andrai\u201c, Le Nozze Di Figaro<br><strong>A. Vivaldi<\/strong> \u201eVier Jahreszeiten\u201c<br><strong>W. A. Mozart<\/strong> \u201ePapageno-Papagena\u201c, Die Zauberfl\u00f6te<br><strong>G. Donizetti<\/strong> \u201eUna furtiva lagrima\u201c<br><strong>P. I. Tschaikowski<\/strong> \u201eWalzer\u201c, Streicherserenade<br><strong>J. Brahms<\/strong> \u201eUngarischer Tanz Nr. 5\u201c<br><strong>F. Lehar<\/strong> \u201eDein ist mein ganzes Herz\u201c<\/p>\n\n\n\n<p><\/p>\n\n\n\n<p><em>Sous r\u00e9serve de modifications du programme<\/em><\/p>\n\n\n\n<p><\/p>\n\n\n\n<h2 class=\"wp-block-heading\" id=\"dinner\">Concert &amp; D\u00eener<\/h2>\n\n\n<div class=\"wp-block-image\">\n<figure class=\"alignright size-large is-resized\"><img loading=\"lazy\" decoding=\"async\" width=\"1024\" height=\"770\" src=\"http:\/\/classical-concerts.at\/wp-content\/uploads\/2023\/08\/Landman-tafelspitz-1024x770.jpg\" alt=\"\" class=\"wp-image-151\" style=\"width:222px;height:167px\" srcset=\"https:\/\/classical-concerts.at\/wp-content\/uploads\/2023\/08\/Landman-tafelspitz-1024x770.jpg 1024w, https:\/\/classical-concerts.at\/wp-content\/uploads\/2023\/08\/Landman-tafelspitz-300x226.jpg 300w, https:\/\/classical-concerts.at\/wp-content\/uploads\/2023\/08\/Landman-tafelspitz-768x577.jpg 768w, https:\/\/classical-concerts.at\/wp-content\/uploads\/2023\/08\/Landman-tafelspitz.jpg 1080w\" sizes=\"auto, (max-width: 1024px) 100vw, 1024px\" \/><\/figure>\n<\/div>\n\n\n<p>Commencez votre soir\u00e9e gastronomique et musicale \u00e0 18h30 en compagnie du Wiener Barockorchester pour un voyage inoubliable \u00e0 travers les \u00e9poques les plus importantes de l&rsquo;histoire de la musique autrichienne.<\/p>\n\n\n\n<p>Apr\u00e8s le concert, vous vous rendez au caf\u00e9-restaurant Landtmann, une institution viennoise.<\/p>\n\n\n\n<p><\/p>\n\n\n\n<h4 class=\"wp-block-heading\">Le Caf\u00e9 Landtmann :<\/h4>\n\n\n<div class=\"wp-block-image\">\n<figure class=\"alignright size-medium is-resized\"><img loading=\"lazy\" decoding=\"async\" width=\"300\" height=\"200\" src=\"http:\/\/classical-concerts.at\/wp-content\/uploads\/2023\/08\/cafe-landmann-300x200.jpg\" alt=\"\" class=\"wp-image-194\" style=\"width:243px;height:162px\" srcset=\"https:\/\/classical-concerts.at\/wp-content\/uploads\/2023\/08\/cafe-landmann-300x200.jpg 300w, https:\/\/classical-concerts.at\/wp-content\/uploads\/2023\/08\/cafe-landmann-1024x683.jpg 1024w, https:\/\/classical-concerts.at\/wp-content\/uploads\/2023\/08\/cafe-landmann-768x512.jpg 768w, https:\/\/classical-concerts.at\/wp-content\/uploads\/2023\/08\/cafe-landmann-1536x1024.jpg 1536w, https:\/\/classical-concerts.at\/wp-content\/uploads\/2023\/08\/cafe-landmann.jpg 1900w\" sizes=\"auto, (max-width: 300px) 100vw, 300px\" \/><\/figure>\n<\/div>\n\n\n<p>Franz Landtmann a ouvert en 1873 le \u00ab\u00a0caf\u00e9-restaurant le plus \u00e9l\u00e9gant de Vienne\u00a0\u00bb. Aujourd&rsquo;hui encore, \u00ab\u00a0das Landtmann\u00a0\u00bb est l&rsquo;incarnation de la culture des caf\u00e9s viennois et l&rsquo;un des derniers caf\u00e9s de la Ringstrasse qui subsistent. Savourez ici le monde merveilleux de l&rsquo;hospitalit\u00e9 et de la tradition viennoises en d\u00e9gustant un Melange et un Apfelstrudel, comme l&rsquo;ont fait avant vous Sigmund Freud, Gustav Mahler ou Hillary Clinton.<\/p>\n\n\n\n<h4 class=\"wp-block-heading\">Le restaurant SERVUS :<\/h4>\n\n\n<div class=\"wp-block-image\">\n<figure class=\"alignright size-full is-resized\"><img loading=\"lazy\" decoding=\"async\" width=\"559\" height=\"704\" src=\"http:\/\/classical-concerts.at\/wp-content\/uploads\/2023\/08\/servus-restaurant-wien.png\" alt=\"\" class=\"wp-image-163\" style=\"width:176px;height:222px\" srcset=\"https:\/\/classical-concerts.at\/wp-content\/uploads\/2023\/08\/servus-restaurant-wien.png 559w, https:\/\/classical-concerts.at\/wp-content\/uploads\/2023\/08\/servus-restaurant-wien-238x300.png 238w\" sizes=\"auto, (max-width: 559px) 100vw, 559px\" \/><\/figure>\n<\/div>\n\n\n<p>Le restaurant SERVUS vous rendra heureux sur le plan culinaire. Vous y d\u00e9gusterez des plats autrichiens. Pour cela, le restaurant mise sur des ingr\u00e9dients r\u00e9gionaux et de qualit\u00e9. D\u00e9gustez ici votre plat autrichien &#8211; r\u00e9interpr\u00e9t\u00e9 et fra\u00eechement pr\u00e9par\u00e9.<\/p>\n\n\n\n<div style=\"height:66px\" aria-hidden=\"true\" class=\"wp-block-spacer\"><\/div>\n\n\n\n<h2 class=\"wp-block-heading has-text-align-center\">Menu<\/h2>\n\n\n\n<div class=\"wp-block-media-text alignwide has-media-on-the-right is-stacked-on-mobile is-vertically-aligned-center has-background\" style=\"background-color:#e3e9df;grid-template-columns:auto 40%\"><div class=\"wp-block-media-text__content\">\n<div class=\"wp-block-group\" style=\"padding-top:2em;padding-right:2em;padding-bottom:2em;padding-left:2em\"><div class=\"wp-block-group__inner-container is-layout-flow wp-block-group-is-layout-flow\">\n<h3 class=\"wp-block-heading has-text-align-center has-text-color\" style=\"color:#5d5d5c\">Menu Caf\u00e9 Landtmann<\/h3>\n\n\n\n<p class=\"has-text-align-center has-text-color\" style=\"color:#5d5d5c\"><br>Soupe de b\u0153uf avec des frites<br>***<br>Escalope de veau viennoise, pan\u00e9e et dor\u00e9e au four avec salade de pommes de terre maison et airelles rouges<br>***<br>Guglhupf de Landtmann<\/p>\n<\/div><\/div>\n<\/div><figure class=\"wp-block-media-text__media\"><img loading=\"lazy\" decoding=\"async\" width=\"1024\" height=\"576\" src=\"http:\/\/classical-concerts.at\/wp-content\/uploads\/2023\/08\/landtmann-1024x576.webp\" alt=\"\" class=\"wp-image-147 size-large\" srcset=\"https:\/\/classical-concerts.at\/wp-content\/uploads\/2023\/08\/landtmann-1024x576.webp 1024w, https:\/\/classical-concerts.at\/wp-content\/uploads\/2023\/08\/landtmann-300x169.webp 300w, https:\/\/classical-concerts.at\/wp-content\/uploads\/2023\/08\/landtmann-768x432.webp 768w, https:\/\/classical-concerts.at\/wp-content\/uploads\/2023\/08\/landtmann-1536x864.webp 1536w, https:\/\/classical-concerts.at\/wp-content\/uploads\/2023\/08\/landtmann.webp 1600w\" sizes=\"auto, (max-width: 1024px) 100vw, 1024px\" \/><\/figure><\/div>\n\n\n\n<div class=\"wp-block-media-text alignwide is-stacked-on-mobile is-vertically-aligned-center has-background\" style=\"background-color:#f0ede5;grid-template-columns:28% auto\"><figure class=\"wp-block-media-text__media\"><img loading=\"lazy\" decoding=\"async\" width=\"792\" height=\"990\" src=\"http:\/\/classical-concerts.at\/wp-content\/uploads\/2023\/08\/WienerSchnitzel.jpg\" alt=\"\" class=\"wp-image-146 size-full\" srcset=\"https:\/\/classical-concerts.at\/wp-content\/uploads\/2023\/08\/WienerSchnitzel.jpg 792w, https:\/\/classical-concerts.at\/wp-content\/uploads\/2023\/08\/WienerSchnitzel-240x300.jpg 240w, https:\/\/classical-concerts.at\/wp-content\/uploads\/2023\/08\/WienerSchnitzel-768x960.jpg 768w\" sizes=\"auto, (max-width: 792px) 100vw, 792px\" \/><\/figure><div class=\"wp-block-media-text__content\">\n<div class=\"wp-block-group\" style=\"padding-top:2em;padding-right:2em;padding-bottom:2em;padding-left:2em\"><div class=\"wp-block-group__inner-container is-layout-flow wp-block-group-is-layout-flow\">\n<h3 class=\"wp-block-heading has-text-align-center has-text-color\" style=\"color:#5d5d5c\">Menu Restaurant SERVUS<\/h3>\n\n\n\n<p class=\"has-text-align-center has-text-color\" style=\"color:#5d5d5c\"><br>Du pain fait maison. Du beurre. Salade<br>***<br>Soupe \u00e0 la citrouille. Du millet. Coriandre<br>***<br>Escalope viennoise originale. Salade de pommes de terre et de baies. Airelles rouges<br>***<br>Cr\u00eapes de l&#8217;empereur. R\u00f4ti de pruneaux. Rosine au rhum<\/p>\n<\/div><\/div>\n<\/div><\/div>\n\n\n\n<h2 class=\"wp-block-heading has-text-align-center\" id=\"kontakt\">Plan de situation &amp; itin\u00e9raire<\/h2>\n\n\n\t\t\t<div \n\t\t\tclass=\"wp-block-uagb-google-map uagb-google-map__wrap uagb-block-42947e99    \"\n\t\t\tstyle=\"\" >\n\t\t\t\t<iframe\n\t\t\t\t\tclass=\"uagb-google-map__iframe\"\n\t\t\t\t\ttitle=\"Google Map for \"\n\t\t\t\t\tsrc=\"https:\/\/maps.google.com\/maps?q=%20Palais%20Sch%C3%B6nborn%20Renngasse%204%2C%201010%20Wien%2C%20Austria&#038;z=12&#038;hl=en&#038;t=m&#038;output=embed&#038;iwloc=near\"\n\t\t\t\t\twidth=\"640\"\n\t\t\t\t\theight=\"300\"\n\t\t\t\t\tloading=\"lazy\"\n\t\t\t\t><\/iframe>\n\t\t\t<\/div>\n\t\t\t\n\n\n<div class=\"wp-block-cover alignfull\" style=\"min-height:267px;aspect-ratio:unset;\"><span aria-hidden=\"true\" class=\"wp-block-cover__background has-background-dim\"><\/span><img loading=\"lazy\" decoding=\"async\" width=\"1024\" height=\"777\" class=\"wp-block-cover__image-background wp-image-98\" alt=\"\" src=\"http:\/\/classical-concerts.at\/wp-content\/uploads\/2023\/08\/Wiener-Barockorchester-9-1024x777.jpg\" style=\"object-position:46% 68%\" data-object-fit=\"cover\" data-object-position=\"46% 68%\" srcset=\"https:\/\/classical-concerts.at\/wp-content\/uploads\/2023\/08\/Wiener-Barockorchester-9-1024x777.jpg 1024w, https:\/\/classical-concerts.at\/wp-content\/uploads\/2023\/08\/Wiener-Barockorchester-9-300x228.jpg 300w, https:\/\/classical-concerts.at\/wp-content\/uploads\/2023\/08\/Wiener-Barockorchester-9-768x582.jpg 768w, https:\/\/classical-concerts.at\/wp-content\/uploads\/2023\/08\/Wiener-Barockorchester-9.jpg 1080w\" sizes=\"auto, (max-width: 1024px) 100vw, 1024px\" \/><div class=\"wp-block-cover__inner-container is-layout-flow wp-block-cover-is-layout-flow\">\n<h2 class=\"wp-block-heading has-text-align-center has-quaternary-color has-text-color\" style=\"font-size:55px;\"><a href=\"https:\/\/classical-concerts.reservix.at\/\" style=\"color: white !important;\" target=\"_blank\" rel=\"noopener\">Billets<\/a><\/h2>\n<\/div><\/div>\n","protected":false},"excerpt":{"rendered":"<p>Orchestre baroque de Vienne \u201e\u2026 nous aimons \u00e9couter les compositeurs c\u00e9l\u00e8bres.\u201c C\u2019est la raison pour laquelle vous \u00eates invit\u00e9s de l\u2019accompagner l\u2019Orchestre Baroque de Vienne. Ce sont des solistes de [&hellip;]<\/p>\n","protected":false},"author":1,"featured_media":203,"parent":0,"menu_order":0,"comment_status":"closed","ping_status":"closed","template":"","meta":{"hide_page_title":"","_uag_custom_page_level_css":"","footnotes":""},"class_list":["post-451","page","type-page","status-publish","has-post-thumbnail","hentry"],"uagb_featured_image_src":{"full":["https:\/\/classical-concerts.at\/wp-content\/uploads\/2023\/08\/FeaturedFoto.jpg",1350,600,false],"thumbnail":["https:\/\/classical-concerts.at\/wp-content\/uploads\/2023\/08\/FeaturedFoto-150x150.jpg",150,150,true],"medium":["https:\/\/classical-concerts.at\/wp-content\/uploads\/2023\/08\/FeaturedFoto-300x133.jpg",300,133,true],"medium_large":["https:\/\/classical-concerts.at\/wp-content\/uploads\/2023\/08\/FeaturedFoto-768x341.jpg",660,293,true],"large":["https:\/\/classical-concerts.at\/wp-content\/uploads\/2023\/08\/FeaturedFoto-1024x455.jpg",660,293,true],"1536x1536":["https:\/\/classical-concerts.at\/wp-content\/uploads\/2023\/08\/FeaturedFoto.jpg",1350,600,false],"2048x2048":["https:\/\/classical-concerts.at\/wp-content\/uploads\/2023\/08\/FeaturedFoto.jpg",1350,600,false]},"uagb_author_info":{"display_name":"admini","author_link":"https:\/\/classical-concerts.at\/fr\/author\/admini\/"},"uagb_comment_info":0,"uagb_excerpt":"Orchestre baroque de Vienne \u201e\u2026 nous aimons \u00e9couter les compositeurs c\u00e9l\u00e8bres.\u201c C\u2019est la raison pour laquelle vous \u00eates invit\u00e9s de l\u2019accompagner l\u2019Orchestre Baroque de Vienne. Ce sont des solistes de [&hellip;]","_links":{"self":[{"href":"https:\/\/classical-concerts.at\/fr\/wp-json\/wp\/v2\/pages\/451","targetHints":{"allow":["GET"]}}],"collection":[{"href":"https:\/\/classical-concerts.at\/fr\/wp-json\/wp\/v2\/pages"}],"about":[{"href":"https:\/\/classical-concerts.at\/fr\/wp-json\/wp\/v2\/types\/page"}],"author":[{"embeddable":true,"href":"https:\/\/classical-concerts.at\/fr\/wp-json\/wp\/v2\/users\/1"}],"replies":[{"embeddable":true,"href":"https:\/\/classical-concerts.at\/fr\/wp-json\/wp\/v2\/comments?post=451"}],"version-history":[{"count":6,"href":"https:\/\/classical-concerts.at\/fr\/wp-json\/wp\/v2\/pages\/451\/revisions"}],"predecessor-version":[{"id":1686,"href":"https:\/\/classical-concerts.at\/fr\/wp-json\/wp\/v2\/pages\/451\/revisions\/1686"}],"wp:featuredmedia":[{"embeddable":true,"href":"https:\/\/classical-concerts.at\/fr\/wp-json\/wp\/v2\/media\/203"}],"wp:attachment":[{"href":"https:\/\/classical-concerts.at\/fr\/wp-json\/wp\/v2\/media?parent=451"}],"curies":[{"name":"wp","href":"https:\/\/api.w.org\/{rel}","templated":true}]}}