{"id":411,"date":"2023-08-21T12:00:37","date_gmt":"2023-08-21T10:00:37","guid":{"rendered":"http:\/\/wp.classical-concerts.at\/?page_id=411"},"modified":"2024-10-10T13:18:48","modified_gmt":"2024-10-10T11:18:48","slug":"viennese-baroque-orchestra","status":"publish","type":"page","link":"https:\/\/classical-concerts.at\/it\/","title":{"rendered":"Orchestra Barocca Viennese"},"content":{"rendered":"\n<h2 class=\"wp-block-heading\" id=\"home\">Orchestra barocca viennese<\/h2>\n\n\n\n<div class=\"wp-block-media-text alignfull is-stacked-on-mobile\" style=\"grid-template-columns:45% auto\"><figure class=\"wp-block-media-text__media\"><img loading=\"lazy\" decoding=\"async\" width=\"1024\" height=\"455\" src=\"http:\/\/classical-concerts.at\/wp-content\/uploads\/2023\/08\/foto2-1024x455.jpg\" alt=\"\" class=\"wp-image-95 size-full\" srcset=\"https:\/\/classical-concerts.at\/wp-content\/uploads\/2023\/08\/foto2-1024x455.jpg 1024w, https:\/\/classical-concerts.at\/wp-content\/uploads\/2023\/08\/foto2-300x133.jpg 300w, https:\/\/classical-concerts.at\/wp-content\/uploads\/2023\/08\/foto2-768x341.jpg 768w, https:\/\/classical-concerts.at\/wp-content\/uploads\/2023\/08\/foto2.jpg 1350w\" sizes=\"auto, (max-width: 1024px) 100vw, 1024px\" \/><\/figure><div class=\"wp-block-media-text__content\">\n<p style=\"padding-top:var(--wp--preset--spacing--20);padding-right:var(--wp--preset--spacing--40);padding-bottom:var(--wp--preset--spacing--20);padding-left:var(--wp--preset--spacing--40)\">\u201e\u2026 Perch\u00e9 noi tutti godiamo ascoltando i grandi artisti. Con questo pensiero nella testa e\u2018 facile farsi tentare dalla fama internazionale della Barockorchestra e venire a Vienna. Fare un\u2018esperienza indimenticabile in una delle pi\u00f9 belle sale da concerto.Ascoltare musicisti di grande spessore che interpretano le pi\u00f9 splendide opere di Vivaldi, Mozart, Donizetti e Tschaikowsky. Lasciate che la musica si toglie in un viaggio al di l\u00e0 di confronto e scoprire il pi\u00f9 importante periodo di storia musicale Austriaca.<\/p>\n<\/div><\/div>\n\n\n\n<figure class=\"wp-block-embed is-type-video is-provider-youtube wp-block-embed-youtube wp-embed-aspect-16-9 wp-has-aspect-ratio\"><div class=\"wp-block-embed__wrapper\">\n<iframe loading=\"lazy\" title=\"Wiener Barockorchester \/Vienna Baroque Orchestra (Official Video)\" width=\"660\" height=\"371\" src=\"https:\/\/www.youtube.com\/embed\/oKrzAZaSTvk?feature=oembed\" frameborder=\"0\" allow=\"accelerometer; autoplay; clipboard-write; encrypted-media; gyroscope; picture-in-picture; web-share\" referrerpolicy=\"strict-origin-when-cross-origin\" allowfullscreen><\/iframe>\n<\/div><\/figure>\n\n\n\n<figure class=\"wp-block-gallery has-nested-images columns-default is-cropped wp-block-gallery-1 is-layout-flex wp-block-gallery-is-layout-flex\">\n<figure class=\"wp-block-image size-large\"><img loading=\"lazy\" decoding=\"async\" width=\"1024\" height=\"685\" data-id=\"99\" src=\"http:\/\/classical-concerts.at\/wp-content\/uploads\/2023\/08\/Wiener-Barockorchester-4-1024x685.jpg\" alt=\"\" class=\"wp-image-99\" srcset=\"https:\/\/classical-concerts.at\/wp-content\/uploads\/2023\/08\/Wiener-Barockorchester-4-1024x685.jpg 1024w, https:\/\/classical-concerts.at\/wp-content\/uploads\/2023\/08\/Wiener-Barockorchester-4-300x201.jpg 300w, https:\/\/classical-concerts.at\/wp-content\/uploads\/2023\/08\/Wiener-Barockorchester-4-768x514.jpg 768w, https:\/\/classical-concerts.at\/wp-content\/uploads\/2023\/08\/Wiener-Barockorchester-4-1536x1028.jpg 1536w, https:\/\/classical-concerts.at\/wp-content\/uploads\/2023\/08\/Wiener-Barockorchester-4-2048x1371.jpg 2048w\" sizes=\"auto, (max-width: 1024px) 100vw, 1024px\" \/><\/figure>\n\n\n\n<figure class=\"wp-block-image size-large\"><img loading=\"lazy\" decoding=\"async\" width=\"1024\" height=\"683\" data-id=\"97\" src=\"http:\/\/classical-concerts.at\/wp-content\/uploads\/2023\/08\/0B6A9544-1024x683.jpg\" alt=\"\" class=\"wp-image-97\" srcset=\"https:\/\/classical-concerts.at\/wp-content\/uploads\/2023\/08\/0B6A9544-1024x683.jpg 1024w, https:\/\/classical-concerts.at\/wp-content\/uploads\/2023\/08\/0B6A9544-300x200.jpg 300w, https:\/\/classical-concerts.at\/wp-content\/uploads\/2023\/08\/0B6A9544-768x512.jpg 768w, https:\/\/classical-concerts.at\/wp-content\/uploads\/2023\/08\/0B6A9544-1536x1024.jpg 1536w, https:\/\/classical-concerts.at\/wp-content\/uploads\/2023\/08\/0B6A9544-2048x1365.jpg 2048w\" sizes=\"auto, (max-width: 1024px) 100vw, 1024px\" \/><\/figure>\n\n\n\n<figure class=\"wp-block-image size-large\"><img loading=\"lazy\" decoding=\"async\" width=\"1024\" height=\"634\" data-id=\"96\" src=\"http:\/\/classical-concerts.at\/wp-content\/uploads\/2023\/08\/Wiener-Barockorchester-unter5MB-1024x634.jpg\" alt=\"\" class=\"wp-image-96\" srcset=\"https:\/\/classical-concerts.at\/wp-content\/uploads\/2023\/08\/Wiener-Barockorchester-unter5MB-1024x634.jpg 1024w, https:\/\/classical-concerts.at\/wp-content\/uploads\/2023\/08\/Wiener-Barockorchester-unter5MB-300x186.jpg 300w, https:\/\/classical-concerts.at\/wp-content\/uploads\/2023\/08\/Wiener-Barockorchester-unter5MB-768x476.jpg 768w, https:\/\/classical-concerts.at\/wp-content\/uploads\/2023\/08\/Wiener-Barockorchester-unter5MB-1536x952.jpg 1536w, https:\/\/classical-concerts.at\/wp-content\/uploads\/2023\/08\/Wiener-Barockorchester-unter5MB-2048x1269.jpg 2048w\" sizes=\"auto, (max-width: 1024px) 100vw, 1024px\" \/><\/figure>\n<\/figure>\n\n\n\n<figure class=\"wp-block-image size-large uag-hide-mob\"><img loading=\"lazy\" decoding=\"async\" width=\"1024\" height=\"177\" src=\"http:\/\/classical-concerts.at\/wp-content\/uploads\/2023\/08\/bewertungen-1-1024x177.png\" alt=\"\" class=\"wp-image-197\" srcset=\"https:\/\/classical-concerts.at\/wp-content\/uploads\/2023\/08\/bewertungen-1-1024x177.png 1024w, https:\/\/classical-concerts.at\/wp-content\/uploads\/2023\/08\/bewertungen-1-300x52.png 300w, https:\/\/classical-concerts.at\/wp-content\/uploads\/2023\/08\/bewertungen-1-768x133.png 768w, https:\/\/classical-concerts.at\/wp-content\/uploads\/2023\/08\/bewertungen-1.png 1226w\" sizes=\"auto, (max-width: 1024px) 100vw, 1024px\" \/><\/figure>\n\n\n\n<figure class=\"wp-block-image size-full uag-hide-desktop uag-hide-tab\"><img loading=\"lazy\" decoding=\"async\" width=\"688\" height=\"417\" src=\"http:\/\/classical-concerts.at\/wp-content\/uploads\/2023\/08\/bewertungen-mobile-1.png\" alt=\"\" class=\"wp-image-438\" srcset=\"https:\/\/classical-concerts.at\/wp-content\/uploads\/2023\/08\/bewertungen-mobile-1.png 688w, https:\/\/classical-concerts.at\/wp-content\/uploads\/2023\/08\/bewertungen-mobile-1-300x182.png 300w\" sizes=\"auto, (max-width: 688px) 100vw, 688px\" \/><\/figure>\n\n\n\n<p>Immergetevi nel cuore della musica viennese con la Vienna Baroque Orchestra. Non appena si entra nel Palais Sch\u00f6nborn-Batthy\u00e1ny, una delle pi\u00f9 magnifiche sale barocche di Vienna, si entra in un mondo in cui la musica classica prende vita. Nell&#8217;imponente Salone Rosso, i virtuosi musicisti dell&#8217;orchestra e i cantanti d&#8217;opera fanno risuonare ogni nota con passione e autenticit\u00e0. Dalle opere senza tempo di Mozart e Vivaldi alle melodie romantiche di Tchaikovsky e Brahms, ogni concerto classico testimonia il ricco patrimonio musicale di Vienna. Lasciatevi trasportare in una sinfonia di momenti indimenticabili.<\/p>\n\n\n\n<figure class=\"wp-block-table is-style-regular\">\n    <table style=\"border-collapse: collapse;\">\n        <tbody>\n            <tr>\n                <td style=\"border: 1px solid white;\">\ud83c\udfe0<\/td>\n                <td style=\"border: 1px solid white;\">Palais Sch\u00f6nborn-Batth\u00e1ny, 1010 Wien, Renngasse 4<\/td>\n            <\/tr>\n            <tr>\n                <td style=\"border: 1px solid white;\">\ud83d\udcde<\/td>\n                <td style=\"border: 1px solid white;\"><a href=\"tel:+43 1 9346914\">+43 1 9346914<\/a><\/td>\n            <\/tr>\n            <tr>\n                <td style=\"border: 1px solid white;\">\ud83d\udce7<\/td>\n                <td style=\"border: 1px solid white;\"><a href=\"mailto:office@baroque-classic.com\">office@baroque-classic.com<\/a><\/td>\n            <\/tr>\n        <\/tbody>\n    <\/table>\n<\/figure>\n\n\n\n<h2 class=\"wp-block-heading\" id=\"geschichte\">La storia<\/h2>\n\n\n\n<figure class=\"wp-block-image size-large\"><img loading=\"lazy\" decoding=\"async\" width=\"1024\" height=\"497\" src=\"http:\/\/classical-concerts.at\/wp-content\/uploads\/2023\/08\/foto3-1024x497.jpg\" alt=\"\" class=\"wp-image-94\" srcset=\"https:\/\/classical-concerts.at\/wp-content\/uploads\/2023\/08\/foto3-1024x497.jpg 1024w, https:\/\/classical-concerts.at\/wp-content\/uploads\/2023\/08\/foto3-300x145.jpg 300w, https:\/\/classical-concerts.at\/wp-content\/uploads\/2023\/08\/foto3-768x372.jpg 768w, https:\/\/classical-concerts.at\/wp-content\/uploads\/2023\/08\/foto3-1536x745.jpg 1536w, https:\/\/classical-concerts.at\/wp-content\/uploads\/2023\/08\/foto3.jpg 1920w\" sizes=\"auto, (max-width: 1024px) 100vw, 1024px\" \/><\/figure>\n\n\n\n<p>Nel cuore di Vienna, dove un tempo risiedeva il potente feldmaresciallo Adam conte Batthy\u00e1ny, si trova ancora oggi uno dei capolavori architettonici del barocco viennese, il Palais Sch\u00f6nborn-Batthy\u00e1ny. Costruito nel 1699 secondo i progetti di Johann Bernhard Fischer von Erlach, architetto della Karlskirche di Vienna, l&#8217;edificio barocco trasporta immediatamente in un&#8217;epoca di sfarzo. L&#8217;imponente sala da concerto colpisce per la sua notevole costruzione e offre un&#8217;esperienza sonora acusticamente insuperabile. Immergetevi nel meraviglioso mondo della musica classica e vivete Vienna al suo meglio.<\/p>\n\n\n\n<h2 class=\"wp-block-heading\" id=\"konzerte\">Concerti<\/h2>\n\n\n\n<p>\u00c8 possibile scegliere tra 3 categorie:<\/p>\n\n\n\n<h2 class=\"wp-block-heading\" id=\"konzerte-tickets\">Categorie e prezzi dei biglietti<\/h2>\n\n\n\n<div class=\"wp-block-cover alignfull\"><span aria-hidden=\"true\" class=\"wp-block-cover__background has-background-dim\"><\/span><img loading=\"lazy\" decoding=\"async\" width=\"1024\" height=\"685\" class=\"wp-block-cover__image-background wp-image-93\" alt=\"\" src=\"http:\/\/classical-concerts.at\/wp-content\/uploads\/2023\/08\/foto4-1024x685.jpg\" data-object-fit=\"cover\" srcset=\"https:\/\/classical-concerts.at\/wp-content\/uploads\/2023\/08\/foto4-1024x685.jpg 1024w, https:\/\/classical-concerts.at\/wp-content\/uploads\/2023\/08\/foto4-300x201.jpg 300w, https:\/\/classical-concerts.at\/wp-content\/uploads\/2023\/08\/foto4-768x514.jpg 768w, https:\/\/classical-concerts.at\/wp-content\/uploads\/2023\/08\/foto4-1536x1028.jpg 1536w, https:\/\/classical-concerts.at\/wp-content\/uploads\/2023\/08\/foto4.jpg 1920w\" sizes=\"auto, (max-width: 1024px) 100vw, 1024px\" \/><div class=\"wp-block-cover__inner-container is-layout-flow wp-block-cover-is-layout-flow\">\n<p class=\"has-text-align-center has-large-font-size\"><\/p>\n\n\n\n<figure class=\"wp-block-table is-style-regular has-small-font-size\"><table class=\"has-quaternary-color has-text-color has-background\" style=\"background-color:#0f0402\"><thead><tr><th>&nbsp;<\/th><th class=\"has-text-align-center\" data-align=\"center\">Concerto **<\/th><th class=\"has-text-align-center\" data-align=\"center\">Concerto &amp; Cena ***<\/th><\/tr><\/thead><tbody><tr><td>*VIP<\/td><td class=\"has-text-align-center\" data-align=\"center\">\u20ac 79<\/td><td class=\"has-text-align-center\" data-align=\"center\">\u20ac 129<\/td><\/tr><tr><td>Gatto. A<\/td><td class=\"has-text-align-center\" data-align=\"center\">\u20ac 69<\/td><td class=\"has-text-align-center\" data-align=\"center\">\u20ac 119<\/td><\/tr><tr><td>Gatto. B<\/td><td class=\"has-text-align-center\" data-align=\"center\">\u20ac 59<\/td><td class=\"has-text-align-center\" data-align=\"center\">\u20ac 109<\/td><\/tr><\/tbody><\/table><\/figure>\n\n\n\n<div class=\"wp-block-buttons is-content-justification-center is-layout-flex wp-container-core-buttons-is-layout-16018d1d wp-block-buttons-is-layout-flex\">\n<div class=\"wp-block-button is-style-fill\"><a class=\"wp-block-button__link has-text-align-center wp-element-button\" href=\"https:\/\/classical-concerts.reservix.at\/\" target=\"_blank\" rel=\"noopener\">Acquista i biglietti<\/a><\/div>\n<\/div>\n<\/div><\/div>\n\n\n\n<p class=\"has-quaternary-color has-text-color\"><\/p>\n\n\n<div class=\"wp-block-image\">\n<figure class=\"alignright size-full is-resized\"><img loading=\"lazy\" decoding=\"async\" width=\"800\" height=\"719\" src=\"https:\/\/classical-concerts.at\/wp-content\/uploads\/2024\/10\/Saalplan-2024.png\" alt=\"Saalplan\" class=\"wp-image-1670\" style=\"aspect-ratio:1.070754716981132;width:252px;height:auto\" srcset=\"https:\/\/classical-concerts.at\/wp-content\/uploads\/2024\/10\/Saalplan-2024.png 800w, https:\/\/classical-concerts.at\/wp-content\/uploads\/2024\/10\/Saalplan-2024-300x270.png 300w, https:\/\/classical-concerts.at\/wp-content\/uploads\/2024\/10\/Saalplan-2024-768x690.png 768w\" sizes=\"auto, (max-width: 800px) 100vw, 800px\" \/><\/figure>\n<\/div>\n\n\n<p>*&nbsp; &nbsp; &nbsp; Assicura un posto a sedere in prima o seconda fila al concerto, inclusa una bevanda<\/p>\n\n\n\n<p><\/p>\n\n\n\n<p>** Inizio concerto: 18:30 o 20:20 al Palais Sch\u00f6nborn<\/p>\n\n\n\n<p><\/p>\n\n\n\n<p>*** Il concerto inizia alle 18:30 o alle 20:20 al Palais Sch\u00f6nborn, la cena inizia alle 18:00 o alle 20:30<\/p>\n\n\n\n<h2 class=\"wp-block-heading\" id=\"programm\">Estratto del programma<\/h2>\n\n\n\n<p><strong>W. A. Mozart<\/strong> \u201eNon pi\u00f9 andrai\u201c, Le Nozze Di Figaro<br><strong>A. Vivaldi<\/strong> \u201eVier Jahreszeiten\u201c<br><strong>W. A. Mozart<\/strong> \u201ePapageno-Papagena\u201c, Die Zauberfl\u00f6te<br><strong>G. Donizetti<\/strong> \u201eUna furtiva lagrima\u201c<br><strong>P. I. Tschaikowski<\/strong> \u201eWalzer\u201c, Streicherserenade<br><strong>J. Brahms<\/strong> \u201eUngarischer Tanz Nr. 5\u201c<br><strong>F. Lehar<\/strong> \u201eDein ist mein ganzes Herz\u201c<\/p>\n\n\n\n<p><\/p>\n\n\n\n<p><em>Programma soggetto a modifiche<\/em><\/p>\n\n\n\n<p><\/p>\n\n\n\n<h2 class=\"wp-block-heading\" id=\"dinner\">Concerto e cena<\/h2>\n\n\n<div class=\"wp-block-image\">\n<figure class=\"alignright size-large is-resized\"><img loading=\"lazy\" decoding=\"async\" width=\"1024\" height=\"770\" src=\"http:\/\/classical-concerts.at\/wp-content\/uploads\/2023\/08\/Landman-tafelspitz-1024x770.jpg\" alt=\"\" class=\"wp-image-151\" style=\"width:222px;height:167px\" srcset=\"https:\/\/classical-concerts.at\/wp-content\/uploads\/2023\/08\/Landman-tafelspitz-1024x770.jpg 1024w, https:\/\/classical-concerts.at\/wp-content\/uploads\/2023\/08\/Landman-tafelspitz-300x226.jpg 300w, https:\/\/classical-concerts.at\/wp-content\/uploads\/2023\/08\/Landman-tafelspitz-768x577.jpg 768w, https:\/\/classical-concerts.at\/wp-content\/uploads\/2023\/08\/Landman-tafelspitz.jpg 1080w\" sizes=\"auto, (max-width: 1024px) 100vw, 1024px\" \/><\/figure>\n<\/div>\n\n\n<p>Iniziate la vostra serata culinario-musicale alle 18:30 insieme alla &#8220;Vienna Baroque Orchestra&#8221; in un viaggio quasi indimenticabile attraverso le epoche pi\u00f9 importanti della storia della musica austriaca.<\/p>\n\n\n\n<p>Dopo il concerto, recatevi al Caf\u00e9 Restaurant Landtmann, un&#8217;istituzione viennese.<\/p>\n\n\n\n<p><\/p>\n\n\n\n<h4 class=\"wp-block-heading\">El Caf\u00e9 Landtmann:<\/h4>\n\n\n<div class=\"wp-block-image\">\n<figure class=\"alignright size-medium is-resized\"><img loading=\"lazy\" decoding=\"async\" width=\"300\" height=\"200\" src=\"http:\/\/classical-concerts.at\/wp-content\/uploads\/2023\/08\/cafe-landmann-300x200.jpg\" alt=\"\" class=\"wp-image-194\" style=\"width:243px;height:162px\" srcset=\"https:\/\/classical-concerts.at\/wp-content\/uploads\/2023\/08\/cafe-landmann-300x200.jpg 300w, https:\/\/classical-concerts.at\/wp-content\/uploads\/2023\/08\/cafe-landmann-1024x683.jpg 1024w, https:\/\/classical-concerts.at\/wp-content\/uploads\/2023\/08\/cafe-landmann-768x512.jpg 768w, https:\/\/classical-concerts.at\/wp-content\/uploads\/2023\/08\/cafe-landmann-1536x1024.jpg 1536w, https:\/\/classical-concerts.at\/wp-content\/uploads\/2023\/08\/cafe-landmann.jpg 1900w\" sizes=\"auto, (max-width: 300px) 100vw, 300px\" \/><\/figure>\n<\/div>\n\n\n<p>Franz Landtmann apr\u00ec il &#8220;caff\u00e8 pi\u00f9 elegante di Vienna&#8221; nel 1873. Oggi, &#8220;das Landtmann&#8221; \u00e8 ancora l&#8217;epitome della cultura viennese del caff\u00e8 e uno degli ultimi caff\u00e8 della Ringstrasse rimasti. Godetevi il meraviglioso mondo dell&#8217;ospitalit\u00e0 e della tradizione viennese con un melange e uno strudel di mele, proprio come hanno fatto Sigmund Freud, Gustav Mahler o Hillary Clinton.<\/p>\n\n\n\n<h4 class=\"wp-block-heading\">El SERVUS Restaurant:<\/h4>\n\n\n<div class=\"wp-block-image\">\n<figure class=\"alignright size-full is-resized\"><img loading=\"lazy\" decoding=\"async\" width=\"559\" height=\"704\" src=\"http:\/\/classical-concerts.at\/wp-content\/uploads\/2023\/08\/servus-restaurant-wien.png\" alt=\"\" class=\"wp-image-163\" style=\"width:176px;height:222px\" srcset=\"https:\/\/classical-concerts.at\/wp-content\/uploads\/2023\/08\/servus-restaurant-wien.png 559w, https:\/\/classical-concerts.at\/wp-content\/uploads\/2023\/08\/servus-restaurant-wien-238x300.png 238w\" sizes=\"auto, (max-width: 559px) 100vw, 559px\" \/><\/figure>\n<\/div>\n\n\n<p>Il ristorante SERVUS vi render\u00e0 felici dal punto di vista culinario. Sarete viziati da piatti austriaci. Il ristorante attribuisce grande valore agli ingredienti regionali e di alta qualit\u00e0. Gustate qui il vostro piatto austriaco, interpretato in modo nuovo e preparato al momento.<\/p>\n\n\n\n<div style=\"height:66px\" aria-hidden=\"true\" class=\"wp-block-spacer\"><\/div>\n\n\n\n<h2 class=\"wp-block-heading has-text-align-center\">Menu<\/h2>\n\n\n\n<div class=\"wp-block-media-text alignwide has-media-on-the-right is-stacked-on-mobile is-vertically-aligned-center has-background\" style=\"background-color:#e3e9df;grid-template-columns:auto 40%\"><div class=\"wp-block-media-text__content\">\n<div class=\"wp-block-group\" style=\"padding-top:2em;padding-right:2em;padding-bottom:2em;padding-left:2em\"><div class=\"wp-block-group__inner-container is-layout-flow wp-block-group-is-layout-flow\">\n<h3 class=\"wp-block-heading has-text-align-center has-text-color\" style=\"color:#5d5d5c\">Menu Caf\u00e9 Landtmann<\/h3>\n\n\n\n<p class=\"has-text-align-center has-text-color\" style=\"color:#5d5d5c\"><br>Zuppa di manzo con fritture<br>***<br>Wiener Schnitzel di vitello, impanata e dorata al forno con insalata di patate fatta in casa e mirtilli rossi<br>***<br>Guglhupf di Landtmann<\/p>\n<\/div><\/div>\n<\/div><figure class=\"wp-block-media-text__media\"><img loading=\"lazy\" decoding=\"async\" width=\"1024\" height=\"576\" src=\"http:\/\/classical-concerts.at\/wp-content\/uploads\/2023\/08\/landtmann-1024x576.webp\" alt=\"\" class=\"wp-image-147 size-large\" srcset=\"https:\/\/classical-concerts.at\/wp-content\/uploads\/2023\/08\/landtmann-1024x576.webp 1024w, https:\/\/classical-concerts.at\/wp-content\/uploads\/2023\/08\/landtmann-300x169.webp 300w, https:\/\/classical-concerts.at\/wp-content\/uploads\/2023\/08\/landtmann-768x432.webp 768w, https:\/\/classical-concerts.at\/wp-content\/uploads\/2023\/08\/landtmann-1536x864.webp 1536w, https:\/\/classical-concerts.at\/wp-content\/uploads\/2023\/08\/landtmann.webp 1600w\" sizes=\"auto, (max-width: 1024px) 100vw, 1024px\" \/><\/figure><\/div>\n\n\n\n<div class=\"wp-block-media-text alignwide is-stacked-on-mobile is-vertically-aligned-center has-background\" style=\"background-color:#f0ede5;grid-template-columns:28% auto\"><figure class=\"wp-block-media-text__media\"><img loading=\"lazy\" decoding=\"async\" width=\"792\" height=\"990\" src=\"http:\/\/classical-concerts.at\/wp-content\/uploads\/2023\/08\/WienerSchnitzel.jpg\" alt=\"\" class=\"wp-image-146 size-full\" srcset=\"https:\/\/classical-concerts.at\/wp-content\/uploads\/2023\/08\/WienerSchnitzel.jpg 792w, https:\/\/classical-concerts.at\/wp-content\/uploads\/2023\/08\/WienerSchnitzel-240x300.jpg 240w, https:\/\/classical-concerts.at\/wp-content\/uploads\/2023\/08\/WienerSchnitzel-768x960.jpg 768w\" sizes=\"auto, (max-width: 792px) 100vw, 792px\" \/><\/figure><div class=\"wp-block-media-text__content\">\n<div class=\"wp-block-group\" style=\"padding-top:2em;padding-right:2em;padding-bottom:2em;padding-left:2em\"><div class=\"wp-block-group__inner-container is-layout-flow wp-block-group-is-layout-flow\">\n<h3 class=\"wp-block-heading has-text-align-center has-text-color\" style=\"color:#5d5d5c\">Men\u00fc Restaurant SERVUS<\/h3>\n\n\n\n<p class=\"has-text-align-center has-text-color\" style=\"color:#5d5d5c\"><br>Pane fatto in casa. Burro. Insalata<br>***<br>Zuppa di zucca. Miglio. Coriandolo<br>***<br>Cotoletta viennese originale. Insalata di patate e sorbe. Mirtillo rosso<br>***<br>Kaiserschmarren. Zwetschkenr\u00f6ster. Rum sultanino<\/p>\n<\/div><\/div>\n<\/div><\/div>\n\n\n\n<h2 class=\"wp-block-heading has-text-align-center\" id=\"kontakt\">Pianta del sito e percorso<\/h2>\n\n\n\t\t\t<div \n\t\t\tclass=\"wp-block-uagb-google-map uagb-google-map__wrap uagb-block-a815aa20    \"\n\t\t\tstyle=\"\" >\n\t\t\t\t<iframe\n\t\t\t\t\tclass=\"uagb-google-map__iframe\"\n\t\t\t\t\ttitle=\"Google Map for \"\n\t\t\t\t\tsrc=\"https:\/\/maps.google.com\/maps?q=%20Palais%20Sch%C3%B6nborn%20Renngasse%204%2C%201010%20Wien%2C%20Austria&#038;z=12&#038;hl=en&#038;t=m&#038;output=embed&#038;iwloc=near\"\n\t\t\t\t\twidth=\"640\"\n\t\t\t\t\theight=\"300\"\n\t\t\t\t\tloading=\"lazy\"\n\t\t\t\t><\/iframe>\n\t\t\t<\/div>\n\t\t\t\n\n\n<div class=\"wp-block-cover alignfull\" style=\"min-height:267px;aspect-ratio:unset;\"><span aria-hidden=\"true\" class=\"wp-block-cover__background has-background-dim\"><\/span><img loading=\"lazy\" decoding=\"async\" width=\"1024\" height=\"777\" class=\"wp-block-cover__image-background wp-image-98\" alt=\"\" src=\"http:\/\/classical-concerts.at\/wp-content\/uploads\/2023\/08\/Wiener-Barockorchester-9-1024x777.jpg\" style=\"object-position:46% 68%\" data-object-fit=\"cover\" data-object-position=\"46% 68%\" srcset=\"https:\/\/classical-concerts.at\/wp-content\/uploads\/2023\/08\/Wiener-Barockorchester-9-1024x777.jpg 1024w, https:\/\/classical-concerts.at\/wp-content\/uploads\/2023\/08\/Wiener-Barockorchester-9-300x228.jpg 300w, https:\/\/classical-concerts.at\/wp-content\/uploads\/2023\/08\/Wiener-Barockorchester-9-768x582.jpg 768w, https:\/\/classical-concerts.at\/wp-content\/uploads\/2023\/08\/Wiener-Barockorchester-9.jpg 1080w\" sizes=\"auto, (max-width: 1024px) 100vw, 1024px\" \/><div class=\"wp-block-cover__inner-container is-layout-flow wp-block-cover-is-layout-flow\">\n<h2 class=\"wp-block-heading has-text-align-center has-quaternary-color has-text-color\" style=\"font-size:55px;\"><a href=\"https:\/\/classical-concerts.reservix.at\/\" style=\"color: white !important;\" target=\"_blank\" rel=\"noopener\">Biglietti<\/a><\/h2>\n<\/div><\/div>\n","protected":false},"excerpt":{"rendered":"<p>Orchestra barocca viennese \u201e\u2026 Perch\u00e9 noi tutti godiamo ascoltando i grandi artisti. Con questo pensiero nella testa e\u2018 facile farsi tentare dalla fama internazionale della Barockorchestra e venire a Vienna. [&hellip;]<\/p>\n","protected":false},"author":1,"featured_media":204,"parent":0,"menu_order":0,"comment_status":"closed","ping_status":"closed","template":"","meta":{"hide_page_title":"","_uag_custom_page_level_css":"","footnotes":""},"class_list":["post-411","page","type-page","status-publish","has-post-thumbnail","hentry"],"uagb_featured_image_src":{"full":["https:\/\/classical-concerts.at\/wp-content\/uploads\/2023\/08\/FeaturedFoto.jpg",1350,600,false],"thumbnail":["https:\/\/classical-concerts.at\/wp-content\/uploads\/2023\/08\/FeaturedFoto-150x150.jpg",150,150,true],"medium":["https:\/\/classical-concerts.at\/wp-content\/uploads\/2023\/08\/FeaturedFoto-300x133.jpg",300,133,true],"medium_large":["https:\/\/classical-concerts.at\/wp-content\/uploads\/2023\/08\/FeaturedFoto-768x341.jpg",660,293,true],"large":["https:\/\/classical-concerts.at\/wp-content\/uploads\/2023\/08\/FeaturedFoto-1024x455.jpg",660,293,true],"1536x1536":["https:\/\/classical-concerts.at\/wp-content\/uploads\/2023\/08\/FeaturedFoto.jpg",1350,600,false],"2048x2048":["https:\/\/classical-concerts.at\/wp-content\/uploads\/2023\/08\/FeaturedFoto.jpg",1350,600,false]},"uagb_author_info":{"display_name":"admini","author_link":"https:\/\/classical-concerts.at\/it\/author\/admini\/"},"uagb_comment_info":0,"uagb_excerpt":"Orchestra barocca viennese \u201e\u2026 Perch\u00e9 noi tutti godiamo ascoltando i grandi artisti. Con questo pensiero nella testa e\u2018 facile farsi tentare dalla fama internazionale della Barockorchestra e venire a Vienna. [&hellip;]","_links":{"self":[{"href":"https:\/\/classical-concerts.at\/it\/wp-json\/wp\/v2\/pages\/411","targetHints":{"allow":["GET"]}}],"collection":[{"href":"https:\/\/classical-concerts.at\/it\/wp-json\/wp\/v2\/pages"}],"about":[{"href":"https:\/\/classical-concerts.at\/it\/wp-json\/wp\/v2\/types\/page"}],"author":[{"embeddable":true,"href":"https:\/\/classical-concerts.at\/it\/wp-json\/wp\/v2\/users\/1"}],"replies":[{"embeddable":true,"href":"https:\/\/classical-concerts.at\/it\/wp-json\/wp\/v2\/comments?post=411"}],"version-history":[{"count":10,"href":"https:\/\/classical-concerts.at\/it\/wp-json\/wp\/v2\/pages\/411\/revisions"}],"predecessor-version":[{"id":1685,"href":"https:\/\/classical-concerts.at\/it\/wp-json\/wp\/v2\/pages\/411\/revisions\/1685"}],"wp:featuredmedia":[{"embeddable":true,"href":"https:\/\/classical-concerts.at\/it\/wp-json\/wp\/v2\/media\/204"}],"wp:attachment":[{"href":"https:\/\/classical-concerts.at\/it\/wp-json\/wp\/v2\/media?parent=411"}],"curies":[{"name":"wp","href":"https:\/\/api.w.org\/{rel}","templated":true}]}}